{"id":580,"date":"2024-02-02T13:53:02","date_gmt":"2024-02-02T11:53:02","guid":{"rendered":"https:\/\/metsvintage.com\/kasutatud-riiete-hulgimuuk\/?post_type=product&#038;p=580"},"modified":"2024-08-22T09:08:09","modified_gmt":"2024-08-22T06:08:09","slug":"sorteerimata-riidekaup-itaaliast-ja-skandinaaviast-50kg","status":"publish","type":"product","link":"https:\/\/metsvintage.com\/kasutatud-riiete-hulgimuuk\/toode\/sorteerimata-riidekaup-itaaliast-ja-skandinaaviast-50kg\/","title":{"rendered":"Sorteerimata riidekaup Itaaliast ja Skandinaaviast 50kg"},"content":{"rendered":"","protected":false},"excerpt":{"rendered":"<p>Tegu on Skandinaaviast ja Itaaliast kogutud kasutatud riietega. V\u00e4lja on sorteeritud ainult retro ja vintage (vanaaegsed) riided, midagi muud v\u00e4lja v\u00f5etud ei ole.<\/p>\n<p>Kauba hulgas on pluuse, p\u00fckse, seelikuid, jakke, kampsuneid, toppe, kleite, \u00fcleriideid, bodysid, spordiriideid jms. On ka pesu, salle, sokke, kindaid, p\u00f5llesid, m\u00fctse, kotte ja v\u00f6\u00f6sid.<\/p>\n<p>Kotid sisaldavad umbes 20% A kvaliteediga (uuev\u00e4\u00e4rsed ja v\u00e4he kantud), 60% B kvaliteediga (kulumisj\u00e4lgede ja v\u00e4ikeste defektidega), ja 20% C kvaliteediga (katkised ja m\u00e4\u00e4rdunud) riideid.<\/p>\n<p>Kaup p\u00e4rineb Itaaliast ja Skandinaaviast. Kauba hulgas on nii otse inimestelt kogutud riided, kui taaskasutuspoodide kaubavahetuse j\u00e4\u00e4gid.<\/p>\n<p>Kaup on pakitud kottidesse, igas kotis on u 20kg riideid.<\/p>\n","protected":false},"featured_media":557,"template":"","meta":{"site-sidebar-layout":"default","site-content-layout":"","ast-site-content-layout":"default","site-content-style":"default","site-sidebar-style":"default","ast-global-header-display":"","ast-banner-title-visibility":"","ast-main-header-display":"","ast-hfb-above-header-display":"","ast-hfb-below-header-display":"","ast-hfb-mobile-header-display":"","site-post-title":"","ast-breadcrumbs-content":"","ast-featured-img":"","footer-sml-layout":"","ast-disable-related-posts":"","theme-transparent-header-meta":"default","adv-header-id-meta":"","stick-header-meta":"","header-above-stick-meta":"","header-main-stick-meta":"","header-below-stick-meta":"","astra-migrate-meta-layouts":"set","ast-page-background-enabled":"default","ast-page-background-meta":{"desktop":{"background-color":"var(--ast-global-color-4)","background-image":"","background-repeat":"repeat","background-position":"center center","background-size":"auto","background-attachment":"scroll","background-type":"","background-media":"","overlay-type":"","overlay-color":"","overlay-opacity":"","overlay-gradient":""},"tablet":{"background-color":"","background-image":"","background-repeat":"repeat","background-position":"center center","background-size":"auto","background-attachment":"scroll","background-type":"","background-media":"","overlay-type":"","overlay-color":"","overlay-opacity":"","overlay-gradient":""},"mobile":{"background-color":"","background-image":"","background-repeat":"repeat","background-position":"center center","background-size":"auto","background-attachment":"scroll","background-type":"","background-media":"","overlay-type":"","overlay-color":"","overlay-opacity":"","overlay-gradient":""}},"ast-content-background-meta":{"desktop":{"background-color":"var(--ast-global-color-5)","background-image":"","background-repeat":"repeat","background-position":"center center","background-size":"auto","background-attachment":"scroll","background-type":"","background-media":"","overlay-type":"","overlay-color":"","overlay-opacity":"","overlay-gradient":""},"tablet":{"background-color":"var(--ast-global-color-5)","background-image":"","background-repeat":"repeat","background-position":"center center","background-size":"auto","background-attachment":"scroll","background-type":"","background-media":"","overlay-type":"","overlay-color":"","overlay-opacity":"","overlay-gradient":""},"mobile":{"background-color":"var(--ast-global-color-5)","background-image":"","background-repeat":"repeat","background-position":"center center","background-size":"auto","background-attachment":"scroll","background-type":"","background-media":"","overlay-type":"","overlay-color":"","overlay-opacity":"","overlay-gradient":""}}},"product_brand":[],"product_cat":[27],"product_tag":[],"class_list":{"0":"post-580","1":"product","2":"type-product","3":"status-publish","4":"has-post-thumbnail","6":"product_cat-kasutatud-riided-kilohinnaga","7":"desktop-align-center","8":"tablet-align-left","9":"mobile-align-left","10":"ast-product-gallery-layout-horizontal-slider","11":"ast-product-gallery-with-no-image","13":"first","14":"outofstock","15":"shipping-taxable","16":"purchasable","17":"product-type-simple"},"yoast_head":"<!-- This site is optimized with the Yoast SEO plugin v27.2 - https:\/\/yoast.com\/product\/yoast-seo-wordpress\/ -->\n<title>Sorteerimata riidekaup Itaaliast ja Skandinaaviast 50kg - Metsvintage<\/title>\n<meta name=\"description\" content=\"Sorteerimata riidekaup Itaaliast ja Skandinaaviast 100kg. Hulgi on soodsam. Sorteerimata riided Itaaliast ja Skandinaaviast. Sisaldab tuntud br\u00e4nde.\" \/>\n<meta name=\"robots\" content=\"index, follow, max-snippet:-1, max-image-preview:large, max-video-preview:-1\" \/>\n<link rel=\"canonical\" href=\"https:\/\/metsvintage.com\/kasutatud-riiete-hulgimuuk\/toode\/sorteerimata-riidekaup-itaaliast-ja-skandinaaviast-50kg\/\" \/>\n<meta property=\"og:locale\" content=\"et_EE\" \/>\n<meta property=\"og:type\" content=\"article\" \/>\n<meta property=\"og:title\" content=\"Sorteerimata riidekaup Itaaliast ja Skandinaaviast 50kg - Metsvintage\" \/>\n<meta property=\"og:description\" content=\"Sorteerimata riidekaup Itaaliast ja Skandinaaviast 100kg. Hulgi on soodsam. Sorteerimata riided Itaaliast ja Skandinaaviast. Sisaldab tuntud br\u00e4nde.\" \/>\n<meta property=\"og:url\" content=\"https:\/\/metsvintage.com\/kasutatud-riiete-hulgimuuk\/toode\/sorteerimata-riidekaup-itaaliast-ja-skandinaaviast-50kg\/\" \/>\n<meta property=\"og:site_name\" content=\"Metsvintage\" \/>\n<meta property=\"article:modified_time\" content=\"2024-08-22T06:08:09+00:00\" \/>\n<meta property=\"og:image\" content=\"https:\/\/metsvintage.com\/kasutatud-riiete-hulgimuuk\/wp-content\/uploads\/sites\/3\/2024\/01\/IMG_0656.jpg\" \/>\n\t<meta property=\"og:image:width\" content=\"1000\" \/>\n\t<meta property=\"og:image:height\" content=\"1000\" \/>\n\t<meta property=\"og:image:type\" content=\"image\/jpeg\" \/>\n<meta name=\"twitter:card\" content=\"summary_large_image\" \/>\n<meta name=\"twitter:label1\" content=\"Est. reading time\" \/>\n\t<meta name=\"twitter:data1\" content=\"1 minut\" \/>\n<script type=\"application\/ld+json\" class=\"yoast-schema-graph\">{\"@context\":\"https:\/\/schema.org\",\"@graph\":[{\"@type\":\"WebPage\",\"@id\":\"https:\/\/metsvintage.com\/kasutatud-riiete-hulgimuuk\/toode\/sorteerimata-riidekaup-itaaliast-ja-skandinaaviast-50kg\/\",\"url\":\"https:\/\/metsvintage.com\/kasutatud-riiete-hulgimuuk\/toode\/sorteerimata-riidekaup-itaaliast-ja-skandinaaviast-50kg\/\",\"name\":\"Sorteerimata riidekaup Itaaliast ja Skandinaaviast 50kg - Metsvintage\",\"isPartOf\":{\"@id\":\"https:\/\/metsvintage.com\/kasutatud-riiete-hulgimuuk\/#website\"},\"primaryImageOfPage\":{\"@id\":\"https:\/\/metsvintage.com\/kasutatud-riiete-hulgimuuk\/toode\/sorteerimata-riidekaup-itaaliast-ja-skandinaaviast-50kg\/#primaryimage\"},\"image\":{\"@id\":\"https:\/\/metsvintage.com\/kasutatud-riiete-hulgimuuk\/toode\/sorteerimata-riidekaup-itaaliast-ja-skandinaaviast-50kg\/#primaryimage\"},\"thumbnailUrl\":\"https:\/\/i0.wp.com\/metsvintage.com\/kasutatud-riiete-hulgimuuk\/wp-content\/uploads\/sites\/3\/2024\/01\/IMG_0656.jpg?fit=1000%2C1000&ssl=1\",\"datePublished\":\"2024-02-02T11:53:02+00:00\",\"dateModified\":\"2024-08-22T06:08:09+00:00\",\"description\":\"Sorteerimata riidekaup Itaaliast ja Skandinaaviast 100kg. Hulgi on soodsam. Sorteerimata riided Itaaliast ja Skandinaaviast. Sisaldab tuntud br\u00e4nde.\",\"breadcrumb\":{\"@id\":\"https:\/\/metsvintage.com\/kasutatud-riiete-hulgimuuk\/toode\/sorteerimata-riidekaup-itaaliast-ja-skandinaaviast-50kg\/#breadcrumb\"},\"inLanguage\":\"et\",\"potentialAction\":[{\"@type\":\"ReadAction\",\"target\":[\"https:\/\/metsvintage.com\/kasutatud-riiete-hulgimuuk\/toode\/sorteerimata-riidekaup-itaaliast-ja-skandinaaviast-50kg\/\"]}]},{\"@type\":\"ImageObject\",\"inLanguage\":\"et\",\"@id\":\"https:\/\/metsvintage.com\/kasutatud-riiete-hulgimuuk\/toode\/sorteerimata-riidekaup-itaaliast-ja-skandinaaviast-50kg\/#primaryimage\",\"url\":\"https:\/\/i0.wp.com\/metsvintage.com\/kasutatud-riiete-hulgimuuk\/wp-content\/uploads\/sites\/3\/2024\/01\/IMG_0656.jpg?fit=1000%2C1000&ssl=1\",\"contentUrl\":\"https:\/\/i0.wp.com\/metsvintage.com\/kasutatud-riiete-hulgimuuk\/wp-content\/uploads\/sites\/3\/2024\/01\/IMG_0656.jpg?fit=1000%2C1000&ssl=1\",\"width\":1000,\"height\":1000,\"caption\":\"Sorteerimata riidekaup Itaaliast ja Skandinaaviast 50kg\"},{\"@type\":\"BreadcrumbList\",\"@id\":\"https:\/\/metsvintage.com\/kasutatud-riiete-hulgimuuk\/toode\/sorteerimata-riidekaup-itaaliast-ja-skandinaaviast-50kg\/#breadcrumb\",\"itemListElement\":[{\"@type\":\"ListItem\",\"position\":1,\"name\":\"Home\",\"item\":\"https:\/\/metsvintage.com\/kasutatud-riiete-hulgimuuk\/\"},{\"@type\":\"ListItem\",\"position\":2,\"name\":\"Pood\",\"item\":\"https:\/\/metsvintage.com\/kasutatud-riiete-hulgimuuk\/pood\/\"},{\"@type\":\"ListItem\",\"position\":3,\"name\":\"Sorteerimata riidekaup Itaaliast ja Skandinaaviast 50kg\"}]},{\"@type\":\"WebSite\",\"@id\":\"https:\/\/metsvintage.com\/kasutatud-riiete-hulgimuuk\/#website\",\"url\":\"https:\/\/metsvintage.com\/kasutatud-riiete-hulgimuuk\/\",\"name\":\"Kasutatud riiete hulgim\u00fc\u00fck\",\"description\":\"Kasutatud riiete hulgim\u00fc\u00fck\",\"publisher\":{\"@id\":\"https:\/\/metsvintage.com\/kasutatud-riiete-hulgimuuk\/#organization\"},\"potentialAction\":[{\"@type\":\"SearchAction\",\"target\":{\"@type\":\"EntryPoint\",\"urlTemplate\":\"https:\/\/metsvintage.com\/kasutatud-riiete-hulgimuuk\/?s={search_term_string}\"},\"query-input\":{\"@type\":\"PropertyValueSpecification\",\"valueRequired\":true,\"valueName\":\"search_term_string\"}}],\"inLanguage\":\"et\"},{\"@type\":\"Organization\",\"@id\":\"https:\/\/metsvintage.com\/kasutatud-riiete-hulgimuuk\/#organization\",\"name\":\"Kasutatud riiete hulgim\u00fc\u00fck\",\"url\":\"https:\/\/metsvintage.com\/kasutatud-riiete-hulgimuuk\/\",\"logo\":{\"@type\":\"ImageObject\",\"inLanguage\":\"et\",\"@id\":\"https:\/\/metsvintage.com\/kasutatud-riiete-hulgimuuk\/#\/schema\/logo\/image\/\",\"url\":\"https:\/\/i0.wp.com\/metsvintage.com\/kasutatud-riiete-hulgimuuk\/wp-content\/uploads\/sites\/3\/2024\/01\/cropped-cropped-icon-roheline-512px-1-1.png?fit=487%2C487&ssl=1\",\"contentUrl\":\"https:\/\/i0.wp.com\/metsvintage.com\/kasutatud-riiete-hulgimuuk\/wp-content\/uploads\/sites\/3\/2024\/01\/cropped-cropped-icon-roheline-512px-1-1.png?fit=487%2C487&ssl=1\",\"width\":487,\"height\":487,\"caption\":\"Kasutatud riiete hulgim\u00fc\u00fck\"},\"image\":{\"@id\":\"https:\/\/metsvintage.com\/kasutatud-riiete-hulgimuuk\/#\/schema\/logo\/image\/\"}}]}<\/script>\n<!-- \/ Yoast SEO plugin. -->","yoast_head_json":{"title":"Sorteerimata riidekaup Itaaliast ja Skandinaaviast 50kg - Metsvintage","description":"Sorteerimata riidekaup Itaaliast ja Skandinaaviast 100kg. Hulgi on soodsam. Sorteerimata riided Itaaliast ja Skandinaaviast. Sisaldab tuntud br\u00e4nde.","robots":{"index":"index","follow":"follow","max-snippet":"max-snippet:-1","max-image-preview":"max-image-preview:large","max-video-preview":"max-video-preview:-1"},"canonical":"https:\/\/metsvintage.com\/kasutatud-riiete-hulgimuuk\/toode\/sorteerimata-riidekaup-itaaliast-ja-skandinaaviast-50kg\/","og_locale":"et_EE","og_type":"article","og_title":"Sorteerimata riidekaup Itaaliast ja Skandinaaviast 50kg - Metsvintage","og_description":"Sorteerimata riidekaup Itaaliast ja Skandinaaviast 100kg. Hulgi on soodsam. Sorteerimata riided Itaaliast ja Skandinaaviast. Sisaldab tuntud br\u00e4nde.","og_url":"https:\/\/metsvintage.com\/kasutatud-riiete-hulgimuuk\/toode\/sorteerimata-riidekaup-itaaliast-ja-skandinaaviast-50kg\/","og_site_name":"Metsvintage","article_modified_time":"2024-08-22T06:08:09+00:00","og_image":[{"width":1000,"height":1000,"url":"https:\/\/metsvintage.com\/kasutatud-riiete-hulgimuuk\/wp-content\/uploads\/sites\/3\/2024\/01\/IMG_0656.jpg","type":"image\/jpeg"}],"twitter_card":"summary_large_image","twitter_misc":{"Est. reading time":"1 minut"},"schema":{"@context":"https:\/\/schema.org","@graph":[{"@type":"WebPage","@id":"https:\/\/metsvintage.com\/kasutatud-riiete-hulgimuuk\/toode\/sorteerimata-riidekaup-itaaliast-ja-skandinaaviast-50kg\/","url":"https:\/\/metsvintage.com\/kasutatud-riiete-hulgimuuk\/toode\/sorteerimata-riidekaup-itaaliast-ja-skandinaaviast-50kg\/","name":"Sorteerimata riidekaup Itaaliast ja Skandinaaviast 50kg - Metsvintage","isPartOf":{"@id":"https:\/\/metsvintage.com\/kasutatud-riiete-hulgimuuk\/#website"},"primaryImageOfPage":{"@id":"https:\/\/metsvintage.com\/kasutatud-riiete-hulgimuuk\/toode\/sorteerimata-riidekaup-itaaliast-ja-skandinaaviast-50kg\/#primaryimage"},"image":{"@id":"https:\/\/metsvintage.com\/kasutatud-riiete-hulgimuuk\/toode\/sorteerimata-riidekaup-itaaliast-ja-skandinaaviast-50kg\/#primaryimage"},"thumbnailUrl":"https:\/\/i0.wp.com\/metsvintage.com\/kasutatud-riiete-hulgimuuk\/wp-content\/uploads\/sites\/3\/2024\/01\/IMG_0656.jpg?fit=1000%2C1000&ssl=1","datePublished":"2024-02-02T11:53:02+00:00","dateModified":"2024-08-22T06:08:09+00:00","description":"Sorteerimata riidekaup Itaaliast ja Skandinaaviast 100kg. Hulgi on soodsam. Sorteerimata riided Itaaliast ja Skandinaaviast. Sisaldab tuntud br\u00e4nde.","breadcrumb":{"@id":"https:\/\/metsvintage.com\/kasutatud-riiete-hulgimuuk\/toode\/sorteerimata-riidekaup-itaaliast-ja-skandinaaviast-50kg\/#breadcrumb"},"inLanguage":"et","potentialAction":[{"@type":"ReadAction","target":["https:\/\/metsvintage.com\/kasutatud-riiete-hulgimuuk\/toode\/sorteerimata-riidekaup-itaaliast-ja-skandinaaviast-50kg\/"]}]},{"@type":"ImageObject","inLanguage":"et","@id":"https:\/\/metsvintage.com\/kasutatud-riiete-hulgimuuk\/toode\/sorteerimata-riidekaup-itaaliast-ja-skandinaaviast-50kg\/#primaryimage","url":"https:\/\/i0.wp.com\/metsvintage.com\/kasutatud-riiete-hulgimuuk\/wp-content\/uploads\/sites\/3\/2024\/01\/IMG_0656.jpg?fit=1000%2C1000&ssl=1","contentUrl":"https:\/\/i0.wp.com\/metsvintage.com\/kasutatud-riiete-hulgimuuk\/wp-content\/uploads\/sites\/3\/2024\/01\/IMG_0656.jpg?fit=1000%2C1000&ssl=1","width":1000,"height":1000,"caption":"Sorteerimata riidekaup Itaaliast ja Skandinaaviast 50kg"},{"@type":"BreadcrumbList","@id":"https:\/\/metsvintage.com\/kasutatud-riiete-hulgimuuk\/toode\/sorteerimata-riidekaup-itaaliast-ja-skandinaaviast-50kg\/#breadcrumb","itemListElement":[{"@type":"ListItem","position":1,"name":"Home","item":"https:\/\/metsvintage.com\/kasutatud-riiete-hulgimuuk\/"},{"@type":"ListItem","position":2,"name":"Pood","item":"https:\/\/metsvintage.com\/kasutatud-riiete-hulgimuuk\/pood\/"},{"@type":"ListItem","position":3,"name":"Sorteerimata riidekaup Itaaliast ja Skandinaaviast 50kg"}]},{"@type":"WebSite","@id":"https:\/\/metsvintage.com\/kasutatud-riiete-hulgimuuk\/#website","url":"https:\/\/metsvintage.com\/kasutatud-riiete-hulgimuuk\/","name":"Kasutatud riiete hulgim\u00fc\u00fck","description":"Kasutatud riiete hulgim\u00fc\u00fck","publisher":{"@id":"https:\/\/metsvintage.com\/kasutatud-riiete-hulgimuuk\/#organization"},"potentialAction":[{"@type":"SearchAction","target":{"@type":"EntryPoint","urlTemplate":"https:\/\/metsvintage.com\/kasutatud-riiete-hulgimuuk\/?s={search_term_string}"},"query-input":{"@type":"PropertyValueSpecification","valueRequired":true,"valueName":"search_term_string"}}],"inLanguage":"et"},{"@type":"Organization","@id":"https:\/\/metsvintage.com\/kasutatud-riiete-hulgimuuk\/#organization","name":"Kasutatud riiete hulgim\u00fc\u00fck","url":"https:\/\/metsvintage.com\/kasutatud-riiete-hulgimuuk\/","logo":{"@type":"ImageObject","inLanguage":"et","@id":"https:\/\/metsvintage.com\/kasutatud-riiete-hulgimuuk\/#\/schema\/logo\/image\/","url":"https:\/\/i0.wp.com\/metsvintage.com\/kasutatud-riiete-hulgimuuk\/wp-content\/uploads\/sites\/3\/2024\/01\/cropped-cropped-icon-roheline-512px-1-1.png?fit=487%2C487&ssl=1","contentUrl":"https:\/\/i0.wp.com\/metsvintage.com\/kasutatud-riiete-hulgimuuk\/wp-content\/uploads\/sites\/3\/2024\/01\/cropped-cropped-icon-roheline-512px-1-1.png?fit=487%2C487&ssl=1","width":487,"height":487,"caption":"Kasutatud riiete hulgim\u00fc\u00fck"},"image":{"@id":"https:\/\/metsvintage.com\/kasutatud-riiete-hulgimuuk\/#\/schema\/logo\/image\/"}}]}},"jetpack_sharing_enabled":true,"_links":{"self":[{"href":"https:\/\/metsvintage.com\/kasutatud-riiete-hulgimuuk\/wp-json\/wp\/v2\/product\/580","targetHints":{"allow":["GET"]}}],"collection":[{"href":"https:\/\/metsvintage.com\/kasutatud-riiete-hulgimuuk\/wp-json\/wp\/v2\/product"}],"about":[{"href":"https:\/\/metsvintage.com\/kasutatud-riiete-hulgimuuk\/wp-json\/wp\/v2\/types\/product"}],"wp:featuredmedia":[{"embeddable":true,"href":"https:\/\/metsvintage.com\/kasutatud-riiete-hulgimuuk\/wp-json\/wp\/v2\/media\/557"}],"wp:attachment":[{"href":"https:\/\/metsvintage.com\/kasutatud-riiete-hulgimuuk\/wp-json\/wp\/v2\/media?parent=580"}],"wp:term":[{"taxonomy":"product_brand","embeddable":true,"href":"https:\/\/metsvintage.com\/kasutatud-riiete-hulgimuuk\/wp-json\/wp\/v2\/product_brand?post=580"},{"taxonomy":"product_cat","embeddable":true,"href":"https:\/\/metsvintage.com\/kasutatud-riiete-hulgimuuk\/wp-json\/wp\/v2\/product_cat?post=580"},{"taxonomy":"product_tag","embeddable":true,"href":"https:\/\/metsvintage.com\/kasutatud-riiete-hulgimuuk\/wp-json\/wp\/v2\/product_tag?post=580"}],"curies":[{"name":"wp","href":"https:\/\/api.w.org\/{rel}","templated":true}]}}