{"id":337,"date":"2024-01-16T14:31:53","date_gmt":"2024-01-16T12:31:53","guid":{"rendered":"https:\/\/metsvintage.com\/kasutatud-riiete-hulgimuuk\/?post_type=product&#038;p=337"},"modified":"2024-08-22T09:08:09","modified_gmt":"2024-08-22T06:08:09","slug":"meeste-riiete-mix-10kg","status":"publish","type":"product","link":"https:\/\/metsvintage.com\/kasutatud-riiete-hulgimuuk\/toode\/meeste-riiete-mix-10kg\/","title":{"rendered":"Meeste riiete mix 10kg"},"content":{"rendered":"","protected":false},"excerpt":{"rendered":"<p>&nbsp;<\/p>\n<p>Piltidel on suvaliselt valitud tooted suvalisest kotist.<\/p>\n<ul>\n<li>v\u00e4hemalt 90% kaubast on edasim\u00fc\u00fcgi k\u00f5lbulik<\/li>\n<li>l\u00f5viosa kaubast on tuntud br\u00e4ndid, nagu H&amp;M, Ginatricot, Vila, Lindex, Adidas, Zara, Kappahl, Reserved, Esprit jne<\/li>\n<li>leidub ka kallimaid br\u00e4nde, nagu Mexx, Didriksons, Nike, Levis, Desigual, Tommy Hilfiger, Michael Kors, Guess, Billabong jne<\/li>\n<li>kaup on kogutud Itaaliast ja Skandinaaviast<\/li>\n<li>kotis keskmiselt 25-35 eset<\/li>\n<li>enamik riideid suuruses S-XL<\/li>\n<\/ul>\n<p>Meeste riiete kotist v\u00f5id leida pluuse, p\u00fckse, jakke, kampsuneid, \u00fcleriideid ja spordiriideid. V\u00e4hesel m\u00e4\u00e4ral ka pesu, salle, sokke, kindaid v\u00f5i m\u00fctse. Riided ei ole kottidesse jaotatud v\u00f5rdselt, st m\u00f5nes kotis v\u00f5ib olla rohkem pluuse, teises p\u00fckse jne. \u00dchtlasema sortimendi saamiseks tasub tellida rohkem, kui 1 kott.<\/p>\n<p>Tegu on kasutatud riietega, millest on v\u00e4lja sorteeritud retro ja vintage (vanaaegsed) riided ning katkised ja v\u00e4ga m\u00e4\u00e4rdunud riided.<\/p>\n<p><strong>NB! Kotis v\u00f5ib olla ka v\u00e4ikese defektiga riideid(vigane lukk, n\u00f6\u00f6p puudu, \u00f5mblus hargnenud vms), kuna sorteerija ei pruugi k\u00f5iki defekte m\u00e4rgata. Ka v\u00f5id sealt leida kergelt m\u00e4\u00e4rdunud riideid, kuna meie neid eelnevalt ei pese ja need v\u00f5ivad pestes kenasti puhtaks minna. N\u00e4iteks laste joped, mis on korralikud ja kvaliteetsed, aga vajavad pesu.<\/strong><\/p>\n<p>Kotid sisaldavad nii A kvaliteediga (uuev\u00e4\u00e4rsed ja v\u00e4he kantud), kui B kvaliteediga (kulumisj\u00e4lgede ja v\u00e4ikeste defektidega) riideid.<\/p>\n<p>Kaup p\u00e4rineb Itaaliast ja Skandinaaviast. Kauba hulgas on nii otse inimestelt kogutud riided, jalan\u00f5ud ja tekstiilid, kui taaskasutuspoodide kaubavahetuse j\u00e4\u00e4gid.<\/p>\n<p>Kaup on pakitud 75 L kottidesse, igas kotis on 10kg riideid. Igas kotis on keskmiselt u 25-35 eset, olenevalt sellest, millist sorti riideid kotti rohkem satub (jopesid mahub v\u00e4hem, pluuse rohkem).<\/p>\n","protected":false},"featured_media":437,"template":"","meta":{"site-sidebar-layout":"default","site-content-layout":"","ast-site-content-layout":"default","site-content-style":"default","site-sidebar-style":"default","ast-global-header-display":"","ast-banner-title-visibility":"","ast-main-header-display":"","ast-hfb-above-header-display":"","ast-hfb-below-header-display":"","ast-hfb-mobile-header-display":"","site-post-title":"","ast-breadcrumbs-content":"","ast-featured-img":"","footer-sml-layout":"","ast-disable-related-posts":"","theme-transparent-header-meta":"default","adv-header-id-meta":"","stick-header-meta":"","header-above-stick-meta":"","header-main-stick-meta":"","header-below-stick-meta":"","astra-migrate-meta-layouts":"set","ast-page-background-enabled":"default","ast-page-background-meta":{"desktop":{"background-color":"var(--ast-global-color-4)","background-image":"","background-repeat":"repeat","background-position":"center center","background-size":"auto","background-attachment":"scroll","background-type":"","background-media":"","overlay-type":"","overlay-color":"","overlay-opacity":"","overlay-gradient":""},"tablet":{"background-color":"","background-image":"","background-repeat":"repeat","background-position":"center center","background-size":"auto","background-attachment":"scroll","background-type":"","background-media":"","overlay-type":"","overlay-color":"","overlay-opacity":"","overlay-gradient":""},"mobile":{"background-color":"","background-image":"","background-repeat":"repeat","background-position":"center center","background-size":"auto","background-attachment":"scroll","background-type":"","background-media":"","overlay-type":"","overlay-color":"","overlay-opacity":"","overlay-gradient":""}},"ast-content-background-meta":{"desktop":{"background-color":"var(--ast-global-color-5)","background-image":"","background-repeat":"repeat","background-position":"center center","background-size":"auto","background-attachment":"scroll","background-type":"","background-media":"","overlay-type":"","overlay-color":"","overlay-opacity":"","overlay-gradient":""},"tablet":{"background-color":"var(--ast-global-color-5)","background-image":"","background-repeat":"repeat","background-position":"center center","background-size":"auto","background-attachment":"scroll","background-type":"","background-media":"","overlay-type":"","overlay-color":"","overlay-opacity":"","overlay-gradient":""},"mobile":{"background-color":"var(--ast-global-color-5)","background-image":"","background-repeat":"repeat","background-position":"center center","background-size":"auto","background-attachment":"scroll","background-type":"","background-media":"","overlay-type":"","overlay-color":"","overlay-opacity":"","overlay-gradient":""}}},"product_brand":[],"product_cat":[27,15],"product_tag":[],"class_list":{"0":"post-337","1":"product","2":"type-product","3":"status-publish","4":"has-post-thumbnail","6":"product_cat-kasutatud-riided-kilohinnaga","7":"product_cat-maaramata","8":"desktop-align-center","9":"tablet-align-left","10":"mobile-align-left","11":"ast-product-gallery-layout-horizontal-slider","13":"first","14":"outofstock","15":"shipping-taxable","16":"purchasable","17":"product-type-simple"},"yoast_head":"<!-- This site is optimized with the Yoast SEO plugin v27.2 - https:\/\/yoast.com\/product\/yoast-seo-wordpress\/ -->\n<title>Meeste riiete mix 10kg - Metsvintage - Kasutatud riiete hulgim\u00fc\u00fck<\/title>\n<meta name=\"description\" content=\"Meeste riiete mix 10kg. Hulgi on soodsam. Kvaliteetsed riided Itaaliast ja Skandinaaviast. Tuntud br\u00e4ndid. Telli pakiautomaati v\u00f5i kulleriga.\" \/>\n<meta name=\"robots\" content=\"index, follow, max-snippet:-1, max-image-preview:large, max-video-preview:-1\" \/>\n<link rel=\"canonical\" href=\"https:\/\/metsvintage.com\/kasutatud-riiete-hulgimuuk\/toode\/meeste-riiete-mix-10kg\/\" \/>\n<meta property=\"og:locale\" content=\"et_EE\" \/>\n<meta property=\"og:type\" content=\"article\" \/>\n<meta property=\"og:title\" content=\"Meeste riiete mix 10kg - Metsvintage - Kasutatud riiete hulgim\u00fc\u00fck\" \/>\n<meta property=\"og:description\" content=\"Meeste riiete mix 10kg. Hulgi on soodsam. Kvaliteetsed riided Itaaliast ja Skandinaaviast. Tuntud br\u00e4ndid. Telli pakiautomaati v\u00f5i kulleriga.\" \/>\n<meta property=\"og:url\" content=\"https:\/\/metsvintage.com\/kasutatud-riiete-hulgimuuk\/toode\/meeste-riiete-mix-10kg\/\" \/>\n<meta property=\"og:site_name\" content=\"Metsvintage\" \/>\n<meta property=\"article:modified_time\" content=\"2024-08-22T06:08:09+00:00\" \/>\n<meta property=\"og:image\" content=\"https:\/\/metsvintage.com\/kasutatud-riiete-hulgimuuk\/wp-content\/uploads\/sites\/3\/2024\/01\/Nimetu-kujundus-4.jpg\" \/>\n\t<meta property=\"og:image:width\" content=\"600\" \/>\n\t<meta property=\"og:image:height\" content=\"600\" \/>\n\t<meta property=\"og:image:type\" content=\"image\/jpeg\" \/>\n<meta name=\"twitter:card\" content=\"summary_large_image\" \/>\n<meta name=\"twitter:label1\" content=\"Est. reading time\" \/>\n\t<meta name=\"twitter:data1\" content=\"1 minut\" \/>\n<script type=\"application\/ld+json\" class=\"yoast-schema-graph\">{\"@context\":\"https:\/\/schema.org\",\"@graph\":[{\"@type\":\"WebPage\",\"@id\":\"https:\/\/metsvintage.com\/kasutatud-riiete-hulgimuuk\/toode\/meeste-riiete-mix-10kg\/\",\"url\":\"https:\/\/metsvintage.com\/kasutatud-riiete-hulgimuuk\/toode\/meeste-riiete-mix-10kg\/\",\"name\":\"Meeste riiete mix 10kg - Metsvintage - Kasutatud riiete hulgim\u00fc\u00fck\",\"isPartOf\":{\"@id\":\"https:\/\/metsvintage.com\/kasutatud-riiete-hulgimuuk\/#website\"},\"primaryImageOfPage\":{\"@id\":\"https:\/\/metsvintage.com\/kasutatud-riiete-hulgimuuk\/toode\/meeste-riiete-mix-10kg\/#primaryimage\"},\"image\":{\"@id\":\"https:\/\/metsvintage.com\/kasutatud-riiete-hulgimuuk\/toode\/meeste-riiete-mix-10kg\/#primaryimage\"},\"thumbnailUrl\":\"https:\/\/i0.wp.com\/metsvintage.com\/kasutatud-riiete-hulgimuuk\/wp-content\/uploads\/sites\/3\/2024\/01\/Nimetu-kujundus-4.jpg?fit=600%2C600&ssl=1\",\"datePublished\":\"2024-01-16T12:31:53+00:00\",\"dateModified\":\"2024-08-22T06:08:09+00:00\",\"description\":\"Meeste riiete mix 10kg. Hulgi on soodsam. Kvaliteetsed riided Itaaliast ja Skandinaaviast. Tuntud br\u00e4ndid. Telli pakiautomaati v\u00f5i kulleriga.\",\"breadcrumb\":{\"@id\":\"https:\/\/metsvintage.com\/kasutatud-riiete-hulgimuuk\/toode\/meeste-riiete-mix-10kg\/#breadcrumb\"},\"inLanguage\":\"et\",\"potentialAction\":[{\"@type\":\"ReadAction\",\"target\":[\"https:\/\/metsvintage.com\/kasutatud-riiete-hulgimuuk\/toode\/meeste-riiete-mix-10kg\/\"]}]},{\"@type\":\"ImageObject\",\"inLanguage\":\"et\",\"@id\":\"https:\/\/metsvintage.com\/kasutatud-riiete-hulgimuuk\/toode\/meeste-riiete-mix-10kg\/#primaryimage\",\"url\":\"https:\/\/i0.wp.com\/metsvintage.com\/kasutatud-riiete-hulgimuuk\/wp-content\/uploads\/sites\/3\/2024\/01\/Nimetu-kujundus-4.jpg?fit=600%2C600&ssl=1\",\"contentUrl\":\"https:\/\/i0.wp.com\/metsvintage.com\/kasutatud-riiete-hulgimuuk\/wp-content\/uploads\/sites\/3\/2024\/01\/Nimetu-kujundus-4.jpg?fit=600%2C600&ssl=1\",\"width\":600,\"height\":600,\"caption\":\"Meeste riiete mix 10kg\"},{\"@type\":\"BreadcrumbList\",\"@id\":\"https:\/\/metsvintage.com\/kasutatud-riiete-hulgimuuk\/toode\/meeste-riiete-mix-10kg\/#breadcrumb\",\"itemListElement\":[{\"@type\":\"ListItem\",\"position\":1,\"name\":\"Home\",\"item\":\"https:\/\/metsvintage.com\/kasutatud-riiete-hulgimuuk\/\"},{\"@type\":\"ListItem\",\"position\":2,\"name\":\"Pood\",\"item\":\"https:\/\/metsvintage.com\/kasutatud-riiete-hulgimuuk\/pood\/\"},{\"@type\":\"ListItem\",\"position\":3,\"name\":\"Meeste riiete mix 10kg\"}]},{\"@type\":\"WebSite\",\"@id\":\"https:\/\/metsvintage.com\/kasutatud-riiete-hulgimuuk\/#website\",\"url\":\"https:\/\/metsvintage.com\/kasutatud-riiete-hulgimuuk\/\",\"name\":\"Kasutatud riiete hulgim\u00fc\u00fck\",\"description\":\"Kasutatud riiete hulgim\u00fc\u00fck\",\"publisher\":{\"@id\":\"https:\/\/metsvintage.com\/kasutatud-riiete-hulgimuuk\/#organization\"},\"potentialAction\":[{\"@type\":\"SearchAction\",\"target\":{\"@type\":\"EntryPoint\",\"urlTemplate\":\"https:\/\/metsvintage.com\/kasutatud-riiete-hulgimuuk\/?s={search_term_string}\"},\"query-input\":{\"@type\":\"PropertyValueSpecification\",\"valueRequired\":true,\"valueName\":\"search_term_string\"}}],\"inLanguage\":\"et\"},{\"@type\":\"Organization\",\"@id\":\"https:\/\/metsvintage.com\/kasutatud-riiete-hulgimuuk\/#organization\",\"name\":\"Kasutatud riiete hulgim\u00fc\u00fck\",\"url\":\"https:\/\/metsvintage.com\/kasutatud-riiete-hulgimuuk\/\",\"logo\":{\"@type\":\"ImageObject\",\"inLanguage\":\"et\",\"@id\":\"https:\/\/metsvintage.com\/kasutatud-riiete-hulgimuuk\/#\/schema\/logo\/image\/\",\"url\":\"https:\/\/i0.wp.com\/metsvintage.com\/kasutatud-riiete-hulgimuuk\/wp-content\/uploads\/sites\/3\/2024\/01\/cropped-cropped-icon-roheline-512px-1-1.png?fit=487%2C487&ssl=1\",\"contentUrl\":\"https:\/\/i0.wp.com\/metsvintage.com\/kasutatud-riiete-hulgimuuk\/wp-content\/uploads\/sites\/3\/2024\/01\/cropped-cropped-icon-roheline-512px-1-1.png?fit=487%2C487&ssl=1\",\"width\":487,\"height\":487,\"caption\":\"Kasutatud riiete hulgim\u00fc\u00fck\"},\"image\":{\"@id\":\"https:\/\/metsvintage.com\/kasutatud-riiete-hulgimuuk\/#\/schema\/logo\/image\/\"}}]}<\/script>\n<!-- \/ Yoast SEO plugin. -->","yoast_head_json":{"title":"Meeste riiete mix 10kg - Metsvintage - Kasutatud riiete hulgim\u00fc\u00fck","description":"Meeste riiete mix 10kg. Hulgi on soodsam. Kvaliteetsed riided Itaaliast ja Skandinaaviast. Tuntud br\u00e4ndid. Telli pakiautomaati v\u00f5i kulleriga.","robots":{"index":"index","follow":"follow","max-snippet":"max-snippet:-1","max-image-preview":"max-image-preview:large","max-video-preview":"max-video-preview:-1"},"canonical":"https:\/\/metsvintage.com\/kasutatud-riiete-hulgimuuk\/toode\/meeste-riiete-mix-10kg\/","og_locale":"et_EE","og_type":"article","og_title":"Meeste riiete mix 10kg - Metsvintage - Kasutatud riiete hulgim\u00fc\u00fck","og_description":"Meeste riiete mix 10kg. Hulgi on soodsam. Kvaliteetsed riided Itaaliast ja Skandinaaviast. Tuntud br\u00e4ndid. Telli pakiautomaati v\u00f5i kulleriga.","og_url":"https:\/\/metsvintage.com\/kasutatud-riiete-hulgimuuk\/toode\/meeste-riiete-mix-10kg\/","og_site_name":"Metsvintage","article_modified_time":"2024-08-22T06:08:09+00:00","og_image":[{"width":600,"height":600,"url":"https:\/\/metsvintage.com\/kasutatud-riiete-hulgimuuk\/wp-content\/uploads\/sites\/3\/2024\/01\/Nimetu-kujundus-4.jpg","type":"image\/jpeg"}],"twitter_card":"summary_large_image","twitter_misc":{"Est. reading time":"1 minut"},"schema":{"@context":"https:\/\/schema.org","@graph":[{"@type":"WebPage","@id":"https:\/\/metsvintage.com\/kasutatud-riiete-hulgimuuk\/toode\/meeste-riiete-mix-10kg\/","url":"https:\/\/metsvintage.com\/kasutatud-riiete-hulgimuuk\/toode\/meeste-riiete-mix-10kg\/","name":"Meeste riiete mix 10kg - Metsvintage - Kasutatud riiete hulgim\u00fc\u00fck","isPartOf":{"@id":"https:\/\/metsvintage.com\/kasutatud-riiete-hulgimuuk\/#website"},"primaryImageOfPage":{"@id":"https:\/\/metsvintage.com\/kasutatud-riiete-hulgimuuk\/toode\/meeste-riiete-mix-10kg\/#primaryimage"},"image":{"@id":"https:\/\/metsvintage.com\/kasutatud-riiete-hulgimuuk\/toode\/meeste-riiete-mix-10kg\/#primaryimage"},"thumbnailUrl":"https:\/\/i0.wp.com\/metsvintage.com\/kasutatud-riiete-hulgimuuk\/wp-content\/uploads\/sites\/3\/2024\/01\/Nimetu-kujundus-4.jpg?fit=600%2C600&ssl=1","datePublished":"2024-01-16T12:31:53+00:00","dateModified":"2024-08-22T06:08:09+00:00","description":"Meeste riiete mix 10kg. Hulgi on soodsam. Kvaliteetsed riided Itaaliast ja Skandinaaviast. Tuntud br\u00e4ndid. Telli pakiautomaati v\u00f5i kulleriga.","breadcrumb":{"@id":"https:\/\/metsvintage.com\/kasutatud-riiete-hulgimuuk\/toode\/meeste-riiete-mix-10kg\/#breadcrumb"},"inLanguage":"et","potentialAction":[{"@type":"ReadAction","target":["https:\/\/metsvintage.com\/kasutatud-riiete-hulgimuuk\/toode\/meeste-riiete-mix-10kg\/"]}]},{"@type":"ImageObject","inLanguage":"et","@id":"https:\/\/metsvintage.com\/kasutatud-riiete-hulgimuuk\/toode\/meeste-riiete-mix-10kg\/#primaryimage","url":"https:\/\/i0.wp.com\/metsvintage.com\/kasutatud-riiete-hulgimuuk\/wp-content\/uploads\/sites\/3\/2024\/01\/Nimetu-kujundus-4.jpg?fit=600%2C600&ssl=1","contentUrl":"https:\/\/i0.wp.com\/metsvintage.com\/kasutatud-riiete-hulgimuuk\/wp-content\/uploads\/sites\/3\/2024\/01\/Nimetu-kujundus-4.jpg?fit=600%2C600&ssl=1","width":600,"height":600,"caption":"Meeste riiete mix 10kg"},{"@type":"BreadcrumbList","@id":"https:\/\/metsvintage.com\/kasutatud-riiete-hulgimuuk\/toode\/meeste-riiete-mix-10kg\/#breadcrumb","itemListElement":[{"@type":"ListItem","position":1,"name":"Home","item":"https:\/\/metsvintage.com\/kasutatud-riiete-hulgimuuk\/"},{"@type":"ListItem","position":2,"name":"Pood","item":"https:\/\/metsvintage.com\/kasutatud-riiete-hulgimuuk\/pood\/"},{"@type":"ListItem","position":3,"name":"Meeste riiete mix 10kg"}]},{"@type":"WebSite","@id":"https:\/\/metsvintage.com\/kasutatud-riiete-hulgimuuk\/#website","url":"https:\/\/metsvintage.com\/kasutatud-riiete-hulgimuuk\/","name":"Kasutatud riiete hulgim\u00fc\u00fck","description":"Kasutatud riiete hulgim\u00fc\u00fck","publisher":{"@id":"https:\/\/metsvintage.com\/kasutatud-riiete-hulgimuuk\/#organization"},"potentialAction":[{"@type":"SearchAction","target":{"@type":"EntryPoint","urlTemplate":"https:\/\/metsvintage.com\/kasutatud-riiete-hulgimuuk\/?s={search_term_string}"},"query-input":{"@type":"PropertyValueSpecification","valueRequired":true,"valueName":"search_term_string"}}],"inLanguage":"et"},{"@type":"Organization","@id":"https:\/\/metsvintage.com\/kasutatud-riiete-hulgimuuk\/#organization","name":"Kasutatud riiete hulgim\u00fc\u00fck","url":"https:\/\/metsvintage.com\/kasutatud-riiete-hulgimuuk\/","logo":{"@type":"ImageObject","inLanguage":"et","@id":"https:\/\/metsvintage.com\/kasutatud-riiete-hulgimuuk\/#\/schema\/logo\/image\/","url":"https:\/\/i0.wp.com\/metsvintage.com\/kasutatud-riiete-hulgimuuk\/wp-content\/uploads\/sites\/3\/2024\/01\/cropped-cropped-icon-roheline-512px-1-1.png?fit=487%2C487&ssl=1","contentUrl":"https:\/\/i0.wp.com\/metsvintage.com\/kasutatud-riiete-hulgimuuk\/wp-content\/uploads\/sites\/3\/2024\/01\/cropped-cropped-icon-roheline-512px-1-1.png?fit=487%2C487&ssl=1","width":487,"height":487,"caption":"Kasutatud riiete hulgim\u00fc\u00fck"},"image":{"@id":"https:\/\/metsvintage.com\/kasutatud-riiete-hulgimuuk\/#\/schema\/logo\/image\/"}}]}},"jetpack_sharing_enabled":true,"_links":{"self":[{"href":"https:\/\/metsvintage.com\/kasutatud-riiete-hulgimuuk\/wp-json\/wp\/v2\/product\/337","targetHints":{"allow":["GET"]}}],"collection":[{"href":"https:\/\/metsvintage.com\/kasutatud-riiete-hulgimuuk\/wp-json\/wp\/v2\/product"}],"about":[{"href":"https:\/\/metsvintage.com\/kasutatud-riiete-hulgimuuk\/wp-json\/wp\/v2\/types\/product"}],"wp:featuredmedia":[{"embeddable":true,"href":"https:\/\/metsvintage.com\/kasutatud-riiete-hulgimuuk\/wp-json\/wp\/v2\/media\/437"}],"wp:attachment":[{"href":"https:\/\/metsvintage.com\/kasutatud-riiete-hulgimuuk\/wp-json\/wp\/v2\/media?parent=337"}],"wp:term":[{"taxonomy":"product_brand","embeddable":true,"href":"https:\/\/metsvintage.com\/kasutatud-riiete-hulgimuuk\/wp-json\/wp\/v2\/product_brand?post=337"},{"taxonomy":"product_cat","embeddable":true,"href":"https:\/\/metsvintage.com\/kasutatud-riiete-hulgimuuk\/wp-json\/wp\/v2\/product_cat?post=337"},{"taxonomy":"product_tag","embeddable":true,"href":"https:\/\/metsvintage.com\/kasutatud-riiete-hulgimuuk\/wp-json\/wp\/v2\/product_tag?post=337"}],"curies":[{"name":"wp","href":"https:\/\/api.w.org\/{rel}","templated":true}]}}