{"id":78,"date":"2024-01-12T13:47:42","date_gmt":"2024-01-12T11:47:42","guid":{"rendered":"https:\/\/metsvintage.com\/kasutatud-riiete-hulgimuuk\/?page_id=78"},"modified":"2024-01-17T10:32:39","modified_gmt":"2024-01-17T08:32:39","slug":"muugitingimused","status":"publish","type":"page","link":"https:\/\/metsvintage.com\/kasutatud-riiete-hulgimuuk\/muugitingimused\/","title":{"rendered":"M\u00fc\u00fcgitingimused"},"content":{"rendered":"\t\t<div data-elementor-type=\"wp-page\" data-elementor-id=\"78\" class=\"elementor elementor-78\">\n\t\t\t\t<div class=\"has_eae_slider elementor-element elementor-element-323fafd e-flex e-con-boxed e-con e-parent\" data-eae-slider=\"31908\" data-id=\"323fafd\" data-element_type=\"container\" data-e-type=\"container\">\n\t\t\t\t\t<div class=\"e-con-inner\">\n\t\t\t\t<div class=\"elementor-element elementor-element-f88c855 elementor-widget elementor-widget-heading\" data-id=\"f88c855\" data-element_type=\"widget\" data-e-type=\"widget\" data-widget_type=\"heading.default\">\n\t\t\t\t<div class=\"elementor-widget-container\">\n\t\t\t\t\t<h2 class=\"elementor-heading-title elementor-size-default\">Veebipoe m\u00fc\u00fcgitingimused<\/h2>\t\t\t\t<\/div>\n\t\t\t\t<\/div>\n\t\t\t\t<div class=\"elementor-element elementor-element-c38b23c elementor-widget elementor-widget-text-editor\" data-id=\"c38b23c\" data-element_type=\"widget\" data-e-type=\"widget\" data-widget_type=\"text-editor.default\">\n\t\t\t\t<div class=\"elementor-widget-container\">\n\t\t\t\t\t\t\t\t\t<p>Veebipoe Metsvintage.com\/kasutatud-riiete-hulgimuuk (edaspidi Veebipood) omanik on E-asy O\u00dc (registrikood 11987239, asukohaga Undioru veski, \u00dclde k\u00fcla, P\u00f5hja-Sakala vald, Viljandimaa).<\/p>\t\t\t\t\t\t\t\t<\/div>\n\t\t\t\t<\/div>\n\t\t\t\t<div class=\"elementor-element elementor-element-6196732 elementor-widget elementor-widget-heading\" data-id=\"6196732\" data-element_type=\"widget\" data-e-type=\"widget\" data-widget_type=\"heading.default\">\n\t\t\t\t<div class=\"elementor-widget-container\">\n\t\t\t\t\t<h3 class=\"elementor-heading-title elementor-size-default\">M\u00fc\u00fcgilepingu kehtivus, kauba- ja hinnainfo<\/h3>\t\t\t\t<\/div>\n\t\t\t\t<\/div>\n\t\t\t\t<div class=\"elementor-element elementor-element-8507fc3 elementor-widget elementor-widget-text-editor\" data-id=\"8507fc3\" data-element_type=\"widget\" data-e-type=\"widget\" data-widget_type=\"text-editor.default\">\n\t\t\t\t<div class=\"elementor-widget-container\">\n\t\t\t\t\t\t\t\t\t<p>M\u00fc\u00fcgitingimused kehtivad Veebipoest kaupade ostmisel.<\/p><p>Veebipoes m\u00fc\u00fcdavate toodete hinnad on m\u00e4rgitud toodete juurde. Hinnale lisandub tasu kauba k\u00e4ttetoimetamise eest.<\/p><p>Kauba k\u00e4ttetoimetamise tasu s\u00f5ltub ostja asukohast ning k\u00e4ttetoimetamise viisist. K\u00e4ttetoimetamise tasu kuvatakse ostjale tellimuse vormistamisel.<\/p><p>Teave kauba kohta on esitatud Veebipoes vahetult kauba juures.<\/p>\t\t\t\t\t\t\t\t<\/div>\n\t\t\t\t<\/div>\n\t\t\t\t<div class=\"elementor-element elementor-element-56c4e40 elementor-widget elementor-widget-heading\" data-id=\"56c4e40\" data-element_type=\"widget\" data-e-type=\"widget\" data-widget_type=\"heading.default\">\n\t\t\t\t<div class=\"elementor-widget-container\">\n\t\t\t\t\t<h3 class=\"elementor-heading-title elementor-size-default\">Tellimuse vormistamine<\/h3>\t\t\t\t<\/div>\n\t\t\t\t<\/div>\n\t\t\t\t<div class=\"elementor-element elementor-element-828ff23 elementor-widget elementor-widget-text-editor\" data-id=\"828ff23\" data-element_type=\"widget\" data-e-type=\"widget\" data-widget_type=\"text-editor.default\">\n\t\t\t\t<div class=\"elementor-widget-container\">\n\t\t\t\t\t\t\t\t\t<p>Kauba tellimiseks tuleb lisada soovitud tooted ostukorvi. Tellimuse vormistamiseks tuleb t\u00e4ita n\u00f5utud andmev\u00e4ljad ning valida sobiv toodete kohaletoimetamise viis. Seej\u00e4rel kuvatakse ekraanile tasu suurus, mille saab tasuda pangalingi kaudu v\u00f5i muu makselahenduse abil.<\/p><p>Leping j\u00f5ustub alates tasumisele kuuluva summa laekumisest Veebipoe arvelduskontole.<\/p><p>Kui tellitud kaupa ei ole v\u00f5imalik tarnida seoses kauba l\u00f5ppemisega v\u00f5i muul p\u00f5hjusel, teavitatakse sellest ostjat esimesel v\u00f5imalusel ning tagastatakse tasutud raha (sh kauba k\u00e4ttetoimetamise kulud) viivitamata, kuid mitte hiljem kui 14 p\u00e4eva jooksul teate saatmisest.<\/p>\t\t\t\t\t\t\t\t<\/div>\n\t\t\t\t<\/div>\n\t\t\t\t<div class=\"elementor-element elementor-element-dd800d6 elementor-widget elementor-widget-heading\" data-id=\"dd800d6\" data-element_type=\"widget\" data-e-type=\"widget\" data-widget_type=\"heading.default\">\n\t\t\t\t<div class=\"elementor-widget-container\">\n\t\t\t\t\t<h3 class=\"elementor-heading-title elementor-size-default\">Kohaletoimetamine<\/h3>\t\t\t\t<\/div>\n\t\t\t\t<\/div>\n\t\t\t\t<div class=\"elementor-element elementor-element-d58cbcf elementor-widget elementor-widget-text-editor\" data-id=\"d58cbcf\" data-element_type=\"widget\" data-e-type=\"widget\" data-widget_type=\"text-editor.default\">\n\t\t\t\t<div class=\"elementor-widget-container\">\n\t\t\t\t\t\t\t\t\t<p>Kaupu saadetakse j\u00e4rgmistesse riikidesse: Eesti.<\/p><p>Kauba saatmiskulud kannab ostja ning vastav hinnainfo on kuvatud saatmisviisi juures.<\/p><p>Eestisisesed saadetised j\u00f5uavad \u00fcldjuhul ostja m\u00e4\u00e4ratud sihtpunkti 3-7 t\u00f6\u00f6p\u00e4eva jooksul alates m\u00fc\u00fcgilepingu j\u00f5ustumisest.<\/p><p>Erandlikel juhtumitel on \u00f5igus kaup kohale toimetada kuni 45 kalendrip\u00e4eva jooksul.<\/p>\t\t\t\t\t\t\t\t<\/div>\n\t\t\t\t<\/div>\n\t\t\t\t<div class=\"elementor-element elementor-element-75a42c1 elementor-widget elementor-widget-heading\" data-id=\"75a42c1\" data-element_type=\"widget\" data-e-type=\"widget\" data-widget_type=\"heading.default\">\n\t\t\t\t<div class=\"elementor-widget-container\">\n\t\t\t\t\t<h3 class=\"elementor-heading-title elementor-size-default\">Taganemis\u00f5igus<\/h3>\t\t\t\t<\/div>\n\t\t\t\t<\/div>\n\t\t\t\t<div class=\"elementor-element elementor-element-131c5ae elementor-widget elementor-widget-text-editor\" data-id=\"131c5ae\" data-element_type=\"widget\" data-e-type=\"widget\" data-widget_type=\"text-editor.default\">\n\t\t\t\t<div class=\"elementor-widget-container\">\n\t\t\t\t\t\t\t\t\t<p>P\u00e4rast tellimuse k\u00e4ttesaamist on ostjal \u00f5igus e-poes s\u00f5lmitud lepingust taganeda 14 p\u00e4eva jooksul. Taganemis\u00f5igus ei kohaldu, kui ostjaks on juriidiline isik.<\/p><p>14-p\u00e4evase tagastamis\u00f5iguse kasutamiseks ei tohi tellitud kaupa kasutada muul viisil kui on vajalik kauba olemuses, omadustes ja toimimises veendumiseks viisil nagu see on lubatud kauba testimiseks f\u00fc\u00fcsilises poes.<\/p><p>Kui kaupa on kasutatud muuks otstarbeks kui on vajalik kauba olemuses, omadustes ja toimimises veendumiseks v\u00f5i sellel on kasutamise v\u00f5i kulumise m\u00e4rke, on Veebipoel \u00f5igus alandada tagastatavat tasu vastavalt kauba v\u00e4\u00e4rtuse v\u00e4henemisele.<\/p><p>Kauba tagastamiseks tuleb hiljemalt 14 p\u00e4eva jooksul kauba k\u00e4ttesaamisest esitada kauba ostmisest taganemise avaldus, mille vormi leiab siit:\u00a0<a href=\"https:\/\/metsvintage.com\/lepingust-taganemise-avaldus\/\" target=\"_blank\" rel=\"noopener\">Lepingust taganemise avaldus<\/a>.\u00a0<\/p><p>Kauba tagastamise kulud kannab m\u00fc\u00fcja juhul, kui tagastamise p\u00f5hjus seisneb asjaolus, et tagastamisele kuuluv asi ei vasta tellitule (nt vale v\u00f5i defektiga asi).\u00a0<\/p><p>Muudel juhtudel kannab kauba tagastamise kulud ostja.<\/p><p>Ostja peab kauba tagastama avalduse esitamisele j\u00e4rgneva 14 p\u00e4eva jooksul v\u00f5i esitama t\u00f5endi, et ta on eelnimetatud perioodi jooksul kauba \u00fcle andnud kauba vedajale.<\/p><p>Veebipood tagastab tagastatava kauba k\u00e4ttesaamisel ostjale viivitamata, kuid mitte hiljem kui 14 p\u00e4eva m\u00f6\u00f6dumisel arvates taganemisavalduse saamisest, k\u00f5ik ostjalt lepingu alusel saadud tasud.<\/p><p>Veebipood v\u00f5ib keelduda tagasimaksete tegemisest seni, kuni on lepingu esemeks oleva asja tagasi saanud v\u00f5i kuni ostja on esitanud t\u00f5endid, et on asja tagasi saatnud, s\u00f5ltuvalt sellest, kumb toimub varem.<\/p><p>Kui ostja on s\u00f5naselgelt valinud Veebipoe pakutud k\u00f5ige odavamast tavap\u00e4rasest asja k\u00e4ttetoimetamise viisist erineva k\u00e4ttetoimetamise viisi, ei pea Veebipood tarbijale tagastama kulu, mis \u00fcletab tavap\u00e4rase k\u00e4ttetoimetamise viisiga seotud kulu.<\/p><p>Veebipoel on \u00f5igus taganeda m\u00fc\u00fcgitehingust ning n\u00f5uda ostjalt tagasi kaup, kui kauba hind veebipoes on eksituse t\u00f5ttu m\u00e4rgitud oluliselt alla kauba turuhinna.<\/p>\t\t\t\t\t\t\t\t<\/div>\n\t\t\t\t<\/div>\n\t\t\t\t<div class=\"elementor-element elementor-element-8546b97 elementor-widget elementor-widget-heading\" data-id=\"8546b97\" data-element_type=\"widget\" data-e-type=\"widget\" data-widget_type=\"heading.default\">\n\t\t\t\t<div class=\"elementor-widget-container\">\n\t\t\t\t\t<h3 class=\"elementor-heading-title elementor-size-default\">Pretensiooni esitamise \u00f5igus<\/h3>\t\t\t\t<\/div>\n\t\t\t\t<\/div>\n\t\t\t\t<div class=\"elementor-element elementor-element-fb7c86a elementor-widget elementor-widget-text-editor\" data-id=\"fb7c86a\" data-element_type=\"widget\" data-e-type=\"widget\" data-widget_type=\"text-editor.default\">\n\t\t\t\t<div class=\"elementor-widget-container\">\n\t\t\t\t\t\t\t\t\t<p>Veebipood vastutab ostjale m\u00fc\u00fcdud kauba lepingutingimustele mittevastavuse v\u00f5i puuduse eest, mis oli olemas juba asja \u00fcleandmise hetkel ning mis ilmneb kuni kahe aasta jooksul, alates kauba \u00fcleandmisest ostjale. Sellest esimese kuue kuu jooksul asja \u00fcleandmisest ostjale eeldatakse, et puudus oli olemas juba asja \u00fcleandmise ajal. Vastava eelduse \u00fcmberl\u00fckkamine on Veebipoe kohustus.<\/p><p>Ostjal on \u00f5igus puuduse ilmnemisel p\u00f6\u00f6rduda hiljemalt kahe kuu jooksul veebipoe poole, saates e-kirja aadressile info@metsvintage.com v\u00f5i helistada telefonil: 552 3314.<\/p><p>Veebipood ei vastuta puuduste eest, mis on tekkinud p\u00e4rast kauba \u00fcleandmist ostjale.<\/p><p>Kui Veebipoest ostetud kaubal on puudused, mille eest Veebipood vastutab, parandab v\u00f5i asendab Veebipood puudusega kauba. Kui kaupa ei ole v\u00f5imalik parandada ega asendada, tagastab Veebipood ostjale k\u00f5ik m\u00fc\u00fcgilepinguga kaasnenud tasud.\u00a0<\/p><p>Veebipood vastab tarbija esitatud kaebusele kirjalikult v\u00f5i kirjalikku taasesitamist v\u00f5imaldavas vormis 15 p\u00e4eva jooksul.<\/p>\t\t\t\t\t\t\t\t<\/div>\n\t\t\t\t<\/div>\n\t\t\t\t<div class=\"elementor-element elementor-element-109630c elementor-widget elementor-widget-heading\" data-id=\"109630c\" data-element_type=\"widget\" data-e-type=\"widget\" data-widget_type=\"heading.default\">\n\t\t\t\t<div class=\"elementor-widget-container\">\n\t\t\t\t\t<h3 class=\"elementor-heading-title elementor-size-default\">Otseturustus ja isikuandmete t\u00f6\u00f6tlemine<\/h3>\t\t\t\t<\/div>\n\t\t\t\t<\/div>\n\t\t\t\t<div class=\"elementor-element elementor-element-5fa819c elementor-widget elementor-widget-text-editor\" data-id=\"5fa819c\" data-element_type=\"widget\" data-e-type=\"widget\" data-widget_type=\"text-editor.default\">\n\t\t\t\t<div class=\"elementor-widget-container\">\n\t\t\t\t\t\t\t\t\t<p>Veebipood kasutab ostja poolt sisestatud isikuandmeid (sh nimi, telefoninumber, aadress, e-maili aadress, pangarekvisiidid) ainult tellimuse t\u00f6\u00f6tlemiseks ning kauba ostjale saatmiseks. Veebipood edastab isikuandmeid veoteenust pakkuvale ettev\u00f5tetele selleks, et kohale toimetada kaupa.<\/p><p>Veebipood saadab ostjale uudiskirju ning pakkumisi ostja e-maili aadressile ainult juhul, kui ostja on selleks avaldanud soovi sisestades veebilehel e-kirja aadressi ning andnud teada oma soovist otsepostituse teadete saamiseks.<\/p><p>Ostjal on igal ajal v\u00f5imalik loobuda e-postile saadetavatest pakkumistest ja uudiskirjadest andes sellest meile teada e-kirja teel v\u00f5i j\u00e4rgides pakkumisi sisaldava e-kirjas toodud juhiseid.<\/p>\t\t\t\t\t\t\t\t<\/div>\n\t\t\t\t<\/div>\n\t\t\t\t<div class=\"elementor-element elementor-element-8779f5c elementor-widget elementor-widget-heading\" data-id=\"8779f5c\" data-element_type=\"widget\" data-e-type=\"widget\" data-widget_type=\"heading.default\">\n\t\t\t\t<div class=\"elementor-widget-container\">\n\t\t\t\t\t<h3 class=\"elementor-heading-title elementor-size-default\">Vaidluste lahendamine<\/h3>\t\t\t\t<\/div>\n\t\t\t\t<\/div>\n\t\t\t\t<div class=\"elementor-element elementor-element-f91a011 elementor-widget elementor-widget-text-editor\" data-id=\"f91a011\" data-element_type=\"widget\" data-e-type=\"widget\" data-widget_type=\"text-editor.default\">\n\t\t\t\t<div class=\"elementor-widget-container\">\n\t\t\t\t\t\t\t\t\t<p>Kui ostjal on Veebipoe osas pretensioone, tuleb need saata e-kirja aadressile info@metsvintage.com v\u00f5i helistada telefonil: 552 3314.<\/p><p>Kui ostja ja Veebipood ei suuda lahendada vaidlust kokkuleppe teel, siis on ostjal v\u00f5imalik p\u00f6\u00f6rduda Tarbijavaidluste komisjoni poole. Menetlustingimustega saab tutvuda ning avaldust esitada\u00a0<a href=\"https:\/\/komisjon.ee\/et\" target=\"_blank\" rel=\"noopener\">siin<\/a>. Tarbijavaidluste komisjoni p\u00e4devuses on lahendada ostja ja Veebipoe vahel s\u00f5lmitud lepingust tulenevaid vaidlusi. Ostja kaebuse l\u00e4bivaatamine komisjonis on tasuta.<\/p><p>Ostja v\u00f5ib p\u00f6\u00f6rduda Euroopa Liidu tarbijavaidlusi lahendava platvormi poole.<\/p>\t\t\t\t\t\t\t\t<\/div>\n\t\t\t\t<\/div>\n\t\t\t\t\t<\/div>\n\t\t\t\t<\/div>\n\t\t\t\t<\/div>\n\t\t","protected":false},"excerpt":{"rendered":"<p>Veebipoe m\u00fc\u00fcgitingimused Veebipoe Metsvintage.com\/kasutatud-riiete-hulgimuuk (edaspidi Veebipood) omanik on E-asy O\u00dc (registrikood 11987239, asukohaga Undioru veski, \u00dclde k\u00fcla, P\u00f5hja-Sakala vald, Viljandimaa). [&hellip;]<\/p>\n","protected":false},"author":1,"featured_media":0,"parent":0,"menu_order":0,"comment_status":"closed","ping_status":"closed","template":"","meta":{"site-sidebar-layout":"no-sidebar","site-content-layout":"","ast-site-content-layout":"full-width-container","site-content-style":"default","site-sidebar-style":"default","ast-global-header-display":"","ast-banner-title-visibility":"","ast-main-header-display":"","ast-hfb-above-header-display":"","ast-hfb-below-header-display":"","ast-hfb-mobile-header-display":"","site-post-title":"disabled","ast-breadcrumbs-content":"","ast-featured-img":"disabled","footer-sml-layout":"","ast-disable-related-posts":"","theme-transparent-header-meta":"","adv-header-id-meta":"","stick-header-meta":"","header-above-stick-meta":"","header-main-stick-meta":"","header-below-stick-meta":"","astra-migrate-meta-layouts":"default","ast-page-background-enabled":"default","ast-page-background-meta":{"desktop":{"background-color":"var(--ast-global-color-4)","background-image":"","background-repeat":"repeat","background-position":"center center","background-size":"auto","background-attachment":"scroll","background-type":"","background-media":"","overlay-type":"","overlay-color":"","overlay-opacity":"","overlay-gradient":""},"tablet":{"background-color":"","background-image":"","background-repeat":"repeat","background-position":"center center","background-size":"auto","background-attachment":"scroll","background-type":"","background-media":"","overlay-type":"","overlay-color":"","overlay-opacity":"","overlay-gradient":""},"mobile":{"background-color":"","background-image":"","background-repeat":"repeat","background-position":"center center","background-size":"auto","background-attachment":"scroll","background-type":"","background-media":"","overlay-type":"","overlay-color":"","overlay-opacity":"","overlay-gradient":""}},"ast-content-background-meta":{"desktop":{"background-color":"var(--ast-global-color-5)","background-image":"","background-repeat":"repeat","background-position":"center center","background-size":"auto","background-attachment":"scroll","background-type":"","background-media":"","overlay-type":"","overlay-color":"","overlay-opacity":"","overlay-gradient":""},"tablet":{"background-color":"var(--ast-global-color-5)","background-image":"","background-repeat":"repeat","background-position":"center center","background-size":"auto","background-attachment":"scroll","background-type":"","background-media":"","overlay-type":"","overlay-color":"","overlay-opacity":"","overlay-gradient":""},"mobile":{"background-color":"var(--ast-global-color-5)","background-image":"","background-repeat":"repeat","background-position":"center center","background-size":"auto","background-attachment":"scroll","background-type":"","background-media":"","overlay-type":"","overlay-color":"","overlay-opacity":"","overlay-gradient":""}},"footnotes":""},"class_list":["post-78","page","type-page","status-publish","hentry"],"yoast_head":"<!-- This site is optimized with the Yoast SEO plugin v27.4 - https:\/\/yoast.com\/product\/yoast-seo-wordpress\/ -->\n<title>M\u00fc\u00fcgitingimused - Metsvintage<\/title>\n<meta name=\"robots\" content=\"index, follow, max-snippet:-1, max-image-preview:large, max-video-preview:-1\" \/>\n<link rel=\"canonical\" href=\"https:\/\/metsvintage.com\/kasutatud-riiete-hulgimuuk\/muugitingimused\/\" \/>\n<meta property=\"og:locale\" content=\"et_EE\" \/>\n<meta property=\"og:type\" content=\"article\" \/>\n<meta property=\"og:title\" content=\"M\u00fc\u00fcgitingimused - Metsvintage\" \/>\n<meta property=\"og:description\" content=\"Veebipoe m\u00fc\u00fcgitingimused Veebipoe Metsvintage.com\/kasutatud-riiete-hulgimuuk (edaspidi Veebipood) omanik on E-asy O\u00dc (registrikood 11987239, asukohaga Undioru veski, \u00dclde k\u00fcla, P\u00f5hja-Sakala vald, Viljandimaa). [&hellip;]\" \/>\n<meta property=\"og:url\" content=\"https:\/\/metsvintage.com\/kasutatud-riiete-hulgimuuk\/muugitingimused\/\" \/>\n<meta property=\"og:site_name\" content=\"Metsvintage\" \/>\n<meta property=\"article:modified_time\" content=\"2024-01-17T08:32:39+00:00\" \/>\n<meta name=\"twitter:card\" content=\"summary_large_image\" \/>\n<meta name=\"twitter:label1\" content=\"Est. reading time\" \/>\n\t<meta name=\"twitter:data1\" content=\"5 minutit\" \/>\n<script type=\"application\/ld+json\" class=\"yoast-schema-graph\">{\"@context\":\"https:\\\/\\\/schema.org\",\"@graph\":[{\"@type\":\"WebPage\",\"@id\":\"https:\\\/\\\/metsvintage.com\\\/kasutatud-riiete-hulgimuuk\\\/muugitingimused\\\/\",\"url\":\"https:\\\/\\\/metsvintage.com\\\/kasutatud-riiete-hulgimuuk\\\/muugitingimused\\\/\",\"name\":\"M\u00fc\u00fcgitingimused - Metsvintage\",\"isPartOf\":{\"@id\":\"https:\\\/\\\/metsvintage.com\\\/kasutatud-riiete-hulgimuuk\\\/#website\"},\"datePublished\":\"2024-01-12T11:47:42+00:00\",\"dateModified\":\"2024-01-17T08:32:39+00:00\",\"breadcrumb\":{\"@id\":\"https:\\\/\\\/metsvintage.com\\\/kasutatud-riiete-hulgimuuk\\\/muugitingimused\\\/#breadcrumb\"},\"inLanguage\":\"et\",\"potentialAction\":[{\"@type\":\"ReadAction\",\"target\":[\"https:\\\/\\\/metsvintage.com\\\/kasutatud-riiete-hulgimuuk\\\/muugitingimused\\\/\"]}]},{\"@type\":\"BreadcrumbList\",\"@id\":\"https:\\\/\\\/metsvintage.com\\\/kasutatud-riiete-hulgimuuk\\\/muugitingimused\\\/#breadcrumb\",\"itemListElement\":[{\"@type\":\"ListItem\",\"position\":1,\"name\":\"Home\",\"item\":\"https:\\\/\\\/metsvintage.com\\\/kasutatud-riiete-hulgimuuk\\\/\"},{\"@type\":\"ListItem\",\"position\":2,\"name\":\"M\u00fc\u00fcgitingimused\"}]},{\"@type\":\"WebSite\",\"@id\":\"https:\\\/\\\/metsvintage.com\\\/kasutatud-riiete-hulgimuuk\\\/#website\",\"url\":\"https:\\\/\\\/metsvintage.com\\\/kasutatud-riiete-hulgimuuk\\\/\",\"name\":\"Kasutatud riiete hulgim\u00fc\u00fck\",\"description\":\"Kasutatud riiete hulgim\u00fc\u00fck\",\"publisher\":{\"@id\":\"https:\\\/\\\/metsvintage.com\\\/kasutatud-riiete-hulgimuuk\\\/#organization\"},\"potentialAction\":[{\"@type\":\"SearchAction\",\"target\":{\"@type\":\"EntryPoint\",\"urlTemplate\":\"https:\\\/\\\/metsvintage.com\\\/kasutatud-riiete-hulgimuuk\\\/?s={search_term_string}\"},\"query-input\":{\"@type\":\"PropertyValueSpecification\",\"valueRequired\":true,\"valueName\":\"search_term_string\"}}],\"inLanguage\":\"et\"},{\"@type\":\"Organization\",\"@id\":\"https:\\\/\\\/metsvintage.com\\\/kasutatud-riiete-hulgimuuk\\\/#organization\",\"name\":\"Kasutatud riiete hulgim\u00fc\u00fck\",\"url\":\"https:\\\/\\\/metsvintage.com\\\/kasutatud-riiete-hulgimuuk\\\/\",\"logo\":{\"@type\":\"ImageObject\",\"inLanguage\":\"et\",\"@id\":\"https:\\\/\\\/metsvintage.com\\\/kasutatud-riiete-hulgimuuk\\\/#\\\/schema\\\/logo\\\/image\\\/\",\"url\":\"https:\\\/\\\/i0.wp.com\\\/metsvintage.com\\\/kasutatud-riiete-hulgimuuk\\\/wp-content\\\/uploads\\\/sites\\\/3\\\/2024\\\/01\\\/cropped-cropped-icon-roheline-512px-1-1.png?fit=487%2C487&ssl=1\",\"contentUrl\":\"https:\\\/\\\/i0.wp.com\\\/metsvintage.com\\\/kasutatud-riiete-hulgimuuk\\\/wp-content\\\/uploads\\\/sites\\\/3\\\/2024\\\/01\\\/cropped-cropped-icon-roheline-512px-1-1.png?fit=487%2C487&ssl=1\",\"width\":487,\"height\":487,\"caption\":\"Kasutatud riiete hulgim\u00fc\u00fck\"},\"image\":{\"@id\":\"https:\\\/\\\/metsvintage.com\\\/kasutatud-riiete-hulgimuuk\\\/#\\\/schema\\\/logo\\\/image\\\/\"}}]}<\/script>\n<!-- \/ Yoast SEO plugin. -->","yoast_head_json":{"title":"M\u00fc\u00fcgitingimused - Metsvintage","robots":{"index":"index","follow":"follow","max-snippet":"max-snippet:-1","max-image-preview":"max-image-preview:large","max-video-preview":"max-video-preview:-1"},"canonical":"https:\/\/metsvintage.com\/kasutatud-riiete-hulgimuuk\/muugitingimused\/","og_locale":"et_EE","og_type":"article","og_title":"M\u00fc\u00fcgitingimused - Metsvintage","og_description":"Veebipoe m\u00fc\u00fcgitingimused Veebipoe Metsvintage.com\/kasutatud-riiete-hulgimuuk (edaspidi Veebipood) omanik on E-asy O\u00dc (registrikood 11987239, asukohaga Undioru veski, \u00dclde k\u00fcla, P\u00f5hja-Sakala vald, Viljandimaa). [&hellip;]","og_url":"https:\/\/metsvintage.com\/kasutatud-riiete-hulgimuuk\/muugitingimused\/","og_site_name":"Metsvintage","article_modified_time":"2024-01-17T08:32:39+00:00","twitter_card":"summary_large_image","twitter_misc":{"Est. reading time":"5 minutit"},"schema":{"@context":"https:\/\/schema.org","@graph":[{"@type":"WebPage","@id":"https:\/\/metsvintage.com\/kasutatud-riiete-hulgimuuk\/muugitingimused\/","url":"https:\/\/metsvintage.com\/kasutatud-riiete-hulgimuuk\/muugitingimused\/","name":"M\u00fc\u00fcgitingimused - Metsvintage","isPartOf":{"@id":"https:\/\/metsvintage.com\/kasutatud-riiete-hulgimuuk\/#website"},"datePublished":"2024-01-12T11:47:42+00:00","dateModified":"2024-01-17T08:32:39+00:00","breadcrumb":{"@id":"https:\/\/metsvintage.com\/kasutatud-riiete-hulgimuuk\/muugitingimused\/#breadcrumb"},"inLanguage":"et","potentialAction":[{"@type":"ReadAction","target":["https:\/\/metsvintage.com\/kasutatud-riiete-hulgimuuk\/muugitingimused\/"]}]},{"@type":"BreadcrumbList","@id":"https:\/\/metsvintage.com\/kasutatud-riiete-hulgimuuk\/muugitingimused\/#breadcrumb","itemListElement":[{"@type":"ListItem","position":1,"name":"Home","item":"https:\/\/metsvintage.com\/kasutatud-riiete-hulgimuuk\/"},{"@type":"ListItem","position":2,"name":"M\u00fc\u00fcgitingimused"}]},{"@type":"WebSite","@id":"https:\/\/metsvintage.com\/kasutatud-riiete-hulgimuuk\/#website","url":"https:\/\/metsvintage.com\/kasutatud-riiete-hulgimuuk\/","name":"Kasutatud riiete hulgim\u00fc\u00fck","description":"Kasutatud riiete hulgim\u00fc\u00fck","publisher":{"@id":"https:\/\/metsvintage.com\/kasutatud-riiete-hulgimuuk\/#organization"},"potentialAction":[{"@type":"SearchAction","target":{"@type":"EntryPoint","urlTemplate":"https:\/\/metsvintage.com\/kasutatud-riiete-hulgimuuk\/?s={search_term_string}"},"query-input":{"@type":"PropertyValueSpecification","valueRequired":true,"valueName":"search_term_string"}}],"inLanguage":"et"},{"@type":"Organization","@id":"https:\/\/metsvintage.com\/kasutatud-riiete-hulgimuuk\/#organization","name":"Kasutatud riiete hulgim\u00fc\u00fck","url":"https:\/\/metsvintage.com\/kasutatud-riiete-hulgimuuk\/","logo":{"@type":"ImageObject","inLanguage":"et","@id":"https:\/\/metsvintage.com\/kasutatud-riiete-hulgimuuk\/#\/schema\/logo\/image\/","url":"https:\/\/i0.wp.com\/metsvintage.com\/kasutatud-riiete-hulgimuuk\/wp-content\/uploads\/sites\/3\/2024\/01\/cropped-cropped-icon-roheline-512px-1-1.png?fit=487%2C487&ssl=1","contentUrl":"https:\/\/i0.wp.com\/metsvintage.com\/kasutatud-riiete-hulgimuuk\/wp-content\/uploads\/sites\/3\/2024\/01\/cropped-cropped-icon-roheline-512px-1-1.png?fit=487%2C487&ssl=1","width":487,"height":487,"caption":"Kasutatud riiete hulgim\u00fc\u00fck"},"image":{"@id":"https:\/\/metsvintage.com\/kasutatud-riiete-hulgimuuk\/#\/schema\/logo\/image\/"}}]}},"jetpack_sharing_enabled":true,"_links":{"self":[{"href":"https:\/\/metsvintage.com\/kasutatud-riiete-hulgimuuk\/wp-json\/wp\/v2\/pages\/78","targetHints":{"allow":["GET"]}}],"collection":[{"href":"https:\/\/metsvintage.com\/kasutatud-riiete-hulgimuuk\/wp-json\/wp\/v2\/pages"}],"about":[{"href":"https:\/\/metsvintage.com\/kasutatud-riiete-hulgimuuk\/wp-json\/wp\/v2\/types\/page"}],"author":[{"embeddable":true,"href":"https:\/\/metsvintage.com\/kasutatud-riiete-hulgimuuk\/wp-json\/wp\/v2\/users\/1"}],"replies":[{"embeddable":true,"href":"https:\/\/metsvintage.com\/kasutatud-riiete-hulgimuuk\/wp-json\/wp\/v2\/comments?post=78"}],"version-history":[{"count":4,"href":"https:\/\/metsvintage.com\/kasutatud-riiete-hulgimuuk\/wp-json\/wp\/v2\/pages\/78\/revisions"}],"predecessor-version":[{"id":490,"href":"https:\/\/metsvintage.com\/kasutatud-riiete-hulgimuuk\/wp-json\/wp\/v2\/pages\/78\/revisions\/490"}],"wp:attachment":[{"href":"https:\/\/metsvintage.com\/kasutatud-riiete-hulgimuuk\/wp-json\/wp\/v2\/media?parent=78"}],"curies":[{"name":"wp","href":"https:\/\/api.w.org\/{rel}","templated":true}]}}