{"id":76,"date":"2024-01-12T13:47:11","date_gmt":"2024-01-12T11:47:11","guid":{"rendered":"https:\/\/metsvintage.com\/kasutatud-riiete-hulgimuuk\/?page_id=76"},"modified":"2024-02-02T14:29:32","modified_gmt":"2024-02-02T12:29:32","slug":"kuidas-osta","status":"publish","type":"page","link":"https:\/\/metsvintage.com\/kasutatud-riiete-hulgimuuk\/kuidas-osta\/","title":{"rendered":"Kuidas osta"},"content":{"rendered":"\t\t<div data-elementor-type=\"wp-page\" data-elementor-id=\"76\" class=\"elementor elementor-76\">\n\t\t\t\t<div class=\"has_eae_slider elementor-element elementor-element-1ff2e3a e-flex e-con-boxed e-con e-parent\" data-eae-slider=\"38973\" data-id=\"1ff2e3a\" data-element_type=\"container\" data-e-type=\"container\">\n\t\t\t\t\t<div class=\"e-con-inner\">\n\t\t\t\t<div class=\"elementor-element elementor-element-5fd21ce elementor-widget elementor-widget-heading\" data-id=\"5fd21ce\" data-element_type=\"widget\" data-e-type=\"widget\" data-widget_type=\"heading.default\">\n\t\t\t\t<div class=\"elementor-widget-container\">\n\t\t\t\t\t<h3 class=\"elementor-heading-title elementor-size-default\">Kauba valimine<\/h3>\t\t\t\t<\/div>\n\t\t\t\t<\/div>\n\t\t\t\t<div class=\"elementor-element elementor-element-5808b67 elementor-widget elementor-widget-text-editor\" data-id=\"5808b67\" data-element_type=\"widget\" data-e-type=\"widget\" data-widget_type=\"text-editor.default\">\n\t\t\t\t<div class=\"elementor-widget-container\">\n\t\t\t\t\t\t\t\t\t<p>Leia sobivast tootekategooriast (riided\/tekstiilid) sind huvitav toode. Kl\u00f5psa tootele, vaata toote n\u00e4idispilte ja tutvu tootekirjeldusega. Kui toode sobib, lisa see ostukorvi.<\/p>\t\t\t\t\t\t\t\t<\/div>\n\t\t\t\t<\/div>\n\t\t\t\t<div class=\"elementor-element elementor-element-cafe982 elementor-widget elementor-widget-heading\" data-id=\"cafe982\" data-element_type=\"widget\" data-e-type=\"widget\" data-widget_type=\"heading.default\">\n\t\t\t\t<div class=\"elementor-widget-container\">\n\t\t\t\t\t<h3 class=\"elementor-heading-title elementor-size-default\">Tellimuse vormistamine<\/h3>\t\t\t\t<\/div>\n\t\t\t\t<\/div>\n\t\t\t\t<div class=\"elementor-element elementor-element-c96cab4 elementor-widget elementor-widget-text-editor\" data-id=\"c96cab4\" data-element_type=\"widget\" data-e-type=\"widget\" data-widget_type=\"text-editor.default\">\n\t\t\t\t<div class=\"elementor-widget-container\">\n\t\t\t\t\t\t\t\t\t<p>Kauba tellimiseks mine ostukorvi tellimust vormistama. Tellimuse vormistamiseks vali palun sobiv transpordiettev\u00f5te ja liigu edasi maksmise etappi.\u00a0<\/p>\t\t\t\t\t\t\t\t<\/div>\n\t\t\t\t<\/div>\n\t\t\t\t<div class=\"elementor-element elementor-element-ea652dd elementor-widget elementor-widget-heading\" data-id=\"ea652dd\" data-element_type=\"widget\" data-e-type=\"widget\" data-widget_type=\"heading.default\">\n\t\t\t\t<div class=\"elementor-widget-container\">\n\t\t\t\t\t<h3 class=\"elementor-heading-title elementor-size-default\">Maksmine<\/h3>\t\t\t\t<\/div>\n\t\t\t\t<\/div>\n\t\t\t\t<div class=\"elementor-element elementor-element-8a5e48a elementor-widget elementor-widget-text-editor\" data-id=\"8a5e48a\" data-element_type=\"widget\" data-e-type=\"widget\" data-widget_type=\"text-editor.default\">\n\t\t\t\t<div class=\"elementor-widget-container\">\n\t\t\t\t\t\t\t\t\t<p>Enne maksma asumist sisesta enda kontaktandmed. Soovi korral saad siin kauba saatmisviisi muuta. Ekraanile kuvatakse kogu tellimuse maksumus (koos transpordiga) ja selle eest saad tasuda pangalingi kaudu, pangakaardiga v\u00f5i m\u00f5ne teise sulle sobiva makselahendusega. Pakume ka Inbanki makselahendusi, mille kohta leiad rohkem infot<a href=\"https:\/\/metsvintage.com\/indivy\/\" target=\"_blank\" rel=\"noopener\">\u00a0siit<\/a>. Hakkame sinu tellimusega tegelema kohe, kui makse on j\u00f5udnud meie kontole.<\/p>\t\t\t\t\t\t\t\t<\/div>\n\t\t\t\t<\/div>\n\t\t\t\t<div class=\"elementor-element elementor-element-0ef3cdc elementor-widget elementor-widget-heading\" data-id=\"0ef3cdc\" data-element_type=\"widget\" data-e-type=\"widget\" data-widget_type=\"heading.default\">\n\t\t\t\t<div class=\"elementor-widget-container\">\n\t\t\t\t\t<h3 class=\"elementor-heading-title elementor-size-default\">Kauba saatmine<\/h3>\t\t\t\t<\/div>\n\t\t\t\t<\/div>\n\t\t\t\t<div class=\"elementor-element elementor-element-0ca6235 elementor-widget elementor-widget-text-editor\" data-id=\"0ca6235\" data-element_type=\"widget\" data-e-type=\"widget\" data-widget_type=\"text-editor.default\">\n\t\t\t\t<div class=\"elementor-widget-container\">\n\t\t\t\t\t\t\t\t\t<p>Saadame kauba sinu poolt valitud pakiautomaati \u00fcldjuhul 3 t\u00f6\u00f6p\u00e4eva jooksul alates hetkest, mil raha meie kontole j\u00f5udis. Kui sul on kauba k\u00e4ttesaamisega v\u00e4ga kiire, anna sellest palun meile teada \u2013 helista, saada meil v\u00f5i kirjuta FB messengeri. Anname endast parima, et kaup v\u00f5imalikult kiiresti sinuni toimetada. Paraku v\u00f5ib siiski tulla ette olukordi, kus kauba kohaletoimetamine v\u00f5ib v\u00f5tta rohkem aega \u2013 maksimaalsed tarneajad on kirjeldatud meie\u00a0<a href=\"https:\/\/metsvintage.com\/kasutatud-riiete-hulgimuuk\/muugitingimused\/\" target=\"_blank\" rel=\"noopener noreferrer\">veebipoe m\u00fc\u00fcgitingimustes<\/a>.<\/p>\t\t\t\t\t\t\t\t<\/div>\n\t\t\t\t<\/div>\n\t\t\t\t<div class=\"elementor-element elementor-element-e31fcc0 elementor-widget elementor-widget-heading\" data-id=\"e31fcc0\" data-element_type=\"widget\" data-e-type=\"widget\" data-widget_type=\"heading.default\">\n\t\t\t\t<div class=\"elementor-widget-container\">\n\t\t\t\t\t<h3 class=\"elementor-heading-title elementor-size-default\">Saatmiskulu<\/h3>\t\t\t\t<\/div>\n\t\t\t\t<\/div>\n\t\t\t\t<div class=\"elementor-element elementor-element-791af24 elementor-widget elementor-widget-text-editor\" data-id=\"791af24\" data-element_type=\"widget\" data-e-type=\"widget\" data-widget_type=\"text-editor.default\">\n\t\t\t\t<div class=\"elementor-widget-container\">\n\t\t\t\t\t\t\t\t\t<p>Saatmiskulu s\u00f5ltub tellitud kauba kogusest ja saatmisviisist. 10kg kaupa saadame pakiautomaati, kulu umbes 5\u20ac. Kuni 30 kg saadame kulleriga, kulu u 10-12\u20ac. Kuni 200kg saadame kulleriga, kulu saad arvutada ostukorvis asuva transpordikulude kalkulaatoriga. Suuremate koguste tellimisel on soodsam ise kaubale j\u00e4rgi tulla. Kauba saad k\u00e4tte aadressilt Tiigi 1, \u00dclde k\u00fcla, P\u00f5hja-Sakala vald, Viljandimaa.\u00a0<\/p>\t\t\t\t\t\t\t\t<\/div>\n\t\t\t\t<\/div>\n\t\t\t\t<div class=\"elementor-element elementor-element-75304bd elementor-widget elementor-widget-heading\" data-id=\"75304bd\" data-element_type=\"widget\" data-e-type=\"widget\" data-widget_type=\"heading.default\">\n\t\t\t\t<div class=\"elementor-widget-container\">\n\t\t\t\t\t<h3 class=\"elementor-heading-title elementor-size-default\">Kauba tagastamine<\/h3>\t\t\t\t<\/div>\n\t\t\t\t<\/div>\n\t\t\t\t<div class=\"elementor-element elementor-element-a79d6be elementor-widget elementor-widget-text-editor\" data-id=\"a79d6be\" data-element_type=\"widget\" data-e-type=\"widget\" data-widget_type=\"text-editor.default\">\n\t\t\t\t<div class=\"elementor-widget-container\">\n\t\t\t\t\t\t\t\t\t<p>Kui kauba k\u00e4ttesaamisel selgub, et sa mingil p\u00f5hjusel seda ikkagi ei soovi, saad selle meile 14 p\u00e4eva jooksul\u00a0 tagasi saata. Kauba tagasi saatmise puhul on oluline, et see oleks rikkumata ja selle seisund sama, mis siis, kui selle pakendist v\u00e4lja v\u00f5tsid.<\/p><p>14p\u00e4evane tagastus\u00f5igus kehtib ainult eraisikutele.<\/p><p>Kauba tagastamiseks t\u00e4ida ja saada palun\u00a0<a href=\"https:\/\/metsvintage.com\/lepingust-taganemise-avaldus\/\" target=\"_blank\" rel=\"noopener\">Lepingust taganemise avaldus<\/a>.<\/p><p>T\u00e4psemalt on Metsvintage e-poest ostmisega seotud teemad kirjeldatud tingimustes, mille leiad siit:\u00a0<a href=\"https:\/\/metsvintage.com\/muugitingimused\/\" target=\"_blank\" rel=\"noopener noreferrer\">veebipoe m\u00fc\u00fcgitingimused<\/a>.<\/p>\t\t\t\t\t\t\t\t<\/div>\n\t\t\t\t<\/div>\n\t\t\t\t\t<\/div>\n\t\t\t\t<\/div>\n\t\t\t\t<\/div>\n\t\t","protected":false},"excerpt":{"rendered":"<p>Kauba valimine Leia sobivast tootekategooriast (riided\/tekstiilid) sind huvitav toode. Kl\u00f5psa tootele, vaata toote n\u00e4idispilte ja tutvu tootekirjeldusega. Kui toode sobib, [&hellip;]<\/p>\n","protected":false},"author":1,"featured_media":0,"parent":0,"menu_order":0,"comment_status":"closed","ping_status":"closed","template":"","meta":{"site-sidebar-layout":"no-sidebar","site-content-layout":"","ast-site-content-layout":"full-width-container","site-content-style":"default","site-sidebar-style":"default","ast-global-header-display":"","ast-banner-title-visibility":"","ast-main-header-display":"","ast-hfb-above-header-display":"","ast-hfb-below-header-display":"","ast-hfb-mobile-header-display":"","site-post-title":"disabled","ast-breadcrumbs-content":"","ast-featured-img":"disabled","footer-sml-layout":"","ast-disable-related-posts":"","theme-transparent-header-meta":"","adv-header-id-meta":"","stick-header-meta":"","header-above-stick-meta":"","header-main-stick-meta":"","header-below-stick-meta":"","astra-migrate-meta-layouts":"default","ast-page-background-enabled":"default","ast-page-background-meta":{"desktop":{"background-color":"var(--ast-global-color-4)","background-image":"","background-repeat":"repeat","background-position":"center center","background-size":"auto","background-attachment":"scroll","background-type":"","background-media":"","overlay-type":"","overlay-color":"","overlay-opacity":"","overlay-gradient":""},"tablet":{"background-color":"","background-image":"","background-repeat":"repeat","background-position":"center center","background-size":"auto","background-attachment":"scroll","background-type":"","background-media":"","overlay-type":"","overlay-color":"","overlay-opacity":"","overlay-gradient":""},"mobile":{"background-color":"","background-image":"","background-repeat":"repeat","background-position":"center center","background-size":"auto","background-attachment":"scroll","background-type":"","background-media":"","overlay-type":"","overlay-color":"","overlay-opacity":"","overlay-gradient":""}},"ast-content-background-meta":{"desktop":{"background-color":"var(--ast-global-color-5)","background-image":"","background-repeat":"repeat","background-position":"center center","background-size":"auto","background-attachment":"scroll","background-type":"","background-media":"","overlay-type":"","overlay-color":"","overlay-opacity":"","overlay-gradient":""},"tablet":{"background-color":"var(--ast-global-color-5)","background-image":"","background-repeat":"repeat","background-position":"center center","background-size":"auto","background-attachment":"scroll","background-type":"","background-media":"","overlay-type":"","overlay-color":"","overlay-opacity":"","overlay-gradient":""},"mobile":{"background-color":"var(--ast-global-color-5)","background-image":"","background-repeat":"repeat","background-position":"center center","background-size":"auto","background-attachment":"scroll","background-type":"","background-media":"","overlay-type":"","overlay-color":"","overlay-opacity":"","overlay-gradient":""}},"footnotes":""},"class_list":["post-76","page","type-page","status-publish","hentry"],"yoast_head":"<!-- This site is optimized with the Yoast SEO plugin v27.2 - https:\/\/yoast.com\/product\/yoast-seo-wordpress\/ -->\n<title>Kuidas osta - Metsvintage<\/title>\n<meta name=\"robots\" content=\"index, follow, max-snippet:-1, max-image-preview:large, max-video-preview:-1\" \/>\n<link rel=\"canonical\" href=\"https:\/\/metsvintage.com\/kasutatud-riiete-hulgimuuk\/kuidas-osta\/\" \/>\n<meta property=\"og:locale\" content=\"et_EE\" \/>\n<meta property=\"og:type\" content=\"article\" \/>\n<meta property=\"og:title\" content=\"Kuidas osta - Metsvintage\" \/>\n<meta property=\"og:description\" content=\"Kauba valimine Leia sobivast tootekategooriast (riided\/tekstiilid) sind huvitav toode. Kl\u00f5psa tootele, vaata toote n\u00e4idispilte ja tutvu tootekirjeldusega. Kui toode sobib, [&hellip;]\" \/>\n<meta property=\"og:url\" content=\"https:\/\/metsvintage.com\/kasutatud-riiete-hulgimuuk\/kuidas-osta\/\" \/>\n<meta property=\"og:site_name\" content=\"Metsvintage\" \/>\n<meta property=\"article:modified_time\" content=\"2024-02-02T12:29:32+00:00\" \/>\n<meta name=\"twitter:card\" content=\"summary_large_image\" \/>\n<meta name=\"twitter:label1\" content=\"Est. reading time\" \/>\n\t<meta name=\"twitter:data1\" content=\"2 minutit\" \/>\n<script type=\"application\/ld+json\" class=\"yoast-schema-graph\">{\"@context\":\"https:\/\/schema.org\",\"@graph\":[{\"@type\":\"WebPage\",\"@id\":\"https:\/\/metsvintage.com\/kasutatud-riiete-hulgimuuk\/kuidas-osta\/\",\"url\":\"https:\/\/metsvintage.com\/kasutatud-riiete-hulgimuuk\/kuidas-osta\/\",\"name\":\"Kuidas osta - Metsvintage\",\"isPartOf\":{\"@id\":\"https:\/\/metsvintage.com\/kasutatud-riiete-hulgimuuk\/#website\"},\"datePublished\":\"2024-01-12T11:47:11+00:00\",\"dateModified\":\"2024-02-02T12:29:32+00:00\",\"breadcrumb\":{\"@id\":\"https:\/\/metsvintage.com\/kasutatud-riiete-hulgimuuk\/kuidas-osta\/#breadcrumb\"},\"inLanguage\":\"et\",\"potentialAction\":[{\"@type\":\"ReadAction\",\"target\":[\"https:\/\/metsvintage.com\/kasutatud-riiete-hulgimuuk\/kuidas-osta\/\"]}]},{\"@type\":\"BreadcrumbList\",\"@id\":\"https:\/\/metsvintage.com\/kasutatud-riiete-hulgimuuk\/kuidas-osta\/#breadcrumb\",\"itemListElement\":[{\"@type\":\"ListItem\",\"position\":1,\"name\":\"Home\",\"item\":\"https:\/\/metsvintage.com\/kasutatud-riiete-hulgimuuk\/\"},{\"@type\":\"ListItem\",\"position\":2,\"name\":\"Kuidas osta\"}]},{\"@type\":\"WebSite\",\"@id\":\"https:\/\/metsvintage.com\/kasutatud-riiete-hulgimuuk\/#website\",\"url\":\"https:\/\/metsvintage.com\/kasutatud-riiete-hulgimuuk\/\",\"name\":\"Kasutatud riiete hulgim\u00fc\u00fck\",\"description\":\"Kasutatud riiete hulgim\u00fc\u00fck\",\"publisher\":{\"@id\":\"https:\/\/metsvintage.com\/kasutatud-riiete-hulgimuuk\/#organization\"},\"potentialAction\":[{\"@type\":\"SearchAction\",\"target\":{\"@type\":\"EntryPoint\",\"urlTemplate\":\"https:\/\/metsvintage.com\/kasutatud-riiete-hulgimuuk\/?s={search_term_string}\"},\"query-input\":{\"@type\":\"PropertyValueSpecification\",\"valueRequired\":true,\"valueName\":\"search_term_string\"}}],\"inLanguage\":\"et\"},{\"@type\":\"Organization\",\"@id\":\"https:\/\/metsvintage.com\/kasutatud-riiete-hulgimuuk\/#organization\",\"name\":\"Kasutatud riiete hulgim\u00fc\u00fck\",\"url\":\"https:\/\/metsvintage.com\/kasutatud-riiete-hulgimuuk\/\",\"logo\":{\"@type\":\"ImageObject\",\"inLanguage\":\"et\",\"@id\":\"https:\/\/metsvintage.com\/kasutatud-riiete-hulgimuuk\/#\/schema\/logo\/image\/\",\"url\":\"https:\/\/i0.wp.com\/metsvintage.com\/kasutatud-riiete-hulgimuuk\/wp-content\/uploads\/sites\/3\/2024\/01\/cropped-cropped-icon-roheline-512px-1-1.png?fit=487%2C487&ssl=1\",\"contentUrl\":\"https:\/\/i0.wp.com\/metsvintage.com\/kasutatud-riiete-hulgimuuk\/wp-content\/uploads\/sites\/3\/2024\/01\/cropped-cropped-icon-roheline-512px-1-1.png?fit=487%2C487&ssl=1\",\"width\":487,\"height\":487,\"caption\":\"Kasutatud riiete hulgim\u00fc\u00fck\"},\"image\":{\"@id\":\"https:\/\/metsvintage.com\/kasutatud-riiete-hulgimuuk\/#\/schema\/logo\/image\/\"}}]}<\/script>\n<!-- \/ Yoast SEO plugin. -->","yoast_head_json":{"title":"Kuidas osta - Metsvintage","robots":{"index":"index","follow":"follow","max-snippet":"max-snippet:-1","max-image-preview":"max-image-preview:large","max-video-preview":"max-video-preview:-1"},"canonical":"https:\/\/metsvintage.com\/kasutatud-riiete-hulgimuuk\/kuidas-osta\/","og_locale":"et_EE","og_type":"article","og_title":"Kuidas osta - Metsvintage","og_description":"Kauba valimine Leia sobivast tootekategooriast (riided\/tekstiilid) sind huvitav toode. Kl\u00f5psa tootele, vaata toote n\u00e4idispilte ja tutvu tootekirjeldusega. Kui toode sobib, [&hellip;]","og_url":"https:\/\/metsvintage.com\/kasutatud-riiete-hulgimuuk\/kuidas-osta\/","og_site_name":"Metsvintage","article_modified_time":"2024-02-02T12:29:32+00:00","twitter_card":"summary_large_image","twitter_misc":{"Est. reading time":"2 minutit"},"schema":{"@context":"https:\/\/schema.org","@graph":[{"@type":"WebPage","@id":"https:\/\/metsvintage.com\/kasutatud-riiete-hulgimuuk\/kuidas-osta\/","url":"https:\/\/metsvintage.com\/kasutatud-riiete-hulgimuuk\/kuidas-osta\/","name":"Kuidas osta - Metsvintage","isPartOf":{"@id":"https:\/\/metsvintage.com\/kasutatud-riiete-hulgimuuk\/#website"},"datePublished":"2024-01-12T11:47:11+00:00","dateModified":"2024-02-02T12:29:32+00:00","breadcrumb":{"@id":"https:\/\/metsvintage.com\/kasutatud-riiete-hulgimuuk\/kuidas-osta\/#breadcrumb"},"inLanguage":"et","potentialAction":[{"@type":"ReadAction","target":["https:\/\/metsvintage.com\/kasutatud-riiete-hulgimuuk\/kuidas-osta\/"]}]},{"@type":"BreadcrumbList","@id":"https:\/\/metsvintage.com\/kasutatud-riiete-hulgimuuk\/kuidas-osta\/#breadcrumb","itemListElement":[{"@type":"ListItem","position":1,"name":"Home","item":"https:\/\/metsvintage.com\/kasutatud-riiete-hulgimuuk\/"},{"@type":"ListItem","position":2,"name":"Kuidas osta"}]},{"@type":"WebSite","@id":"https:\/\/metsvintage.com\/kasutatud-riiete-hulgimuuk\/#website","url":"https:\/\/metsvintage.com\/kasutatud-riiete-hulgimuuk\/","name":"Kasutatud riiete hulgim\u00fc\u00fck","description":"Kasutatud riiete hulgim\u00fc\u00fck","publisher":{"@id":"https:\/\/metsvintage.com\/kasutatud-riiete-hulgimuuk\/#organization"},"potentialAction":[{"@type":"SearchAction","target":{"@type":"EntryPoint","urlTemplate":"https:\/\/metsvintage.com\/kasutatud-riiete-hulgimuuk\/?s={search_term_string}"},"query-input":{"@type":"PropertyValueSpecification","valueRequired":true,"valueName":"search_term_string"}}],"inLanguage":"et"},{"@type":"Organization","@id":"https:\/\/metsvintage.com\/kasutatud-riiete-hulgimuuk\/#organization","name":"Kasutatud riiete hulgim\u00fc\u00fck","url":"https:\/\/metsvintage.com\/kasutatud-riiete-hulgimuuk\/","logo":{"@type":"ImageObject","inLanguage":"et","@id":"https:\/\/metsvintage.com\/kasutatud-riiete-hulgimuuk\/#\/schema\/logo\/image\/","url":"https:\/\/i0.wp.com\/metsvintage.com\/kasutatud-riiete-hulgimuuk\/wp-content\/uploads\/sites\/3\/2024\/01\/cropped-cropped-icon-roheline-512px-1-1.png?fit=487%2C487&ssl=1","contentUrl":"https:\/\/i0.wp.com\/metsvintage.com\/kasutatud-riiete-hulgimuuk\/wp-content\/uploads\/sites\/3\/2024\/01\/cropped-cropped-icon-roheline-512px-1-1.png?fit=487%2C487&ssl=1","width":487,"height":487,"caption":"Kasutatud riiete hulgim\u00fc\u00fck"},"image":{"@id":"https:\/\/metsvintage.com\/kasutatud-riiete-hulgimuuk\/#\/schema\/logo\/image\/"}}]}},"jetpack_sharing_enabled":true,"_links":{"self":[{"href":"https:\/\/metsvintage.com\/kasutatud-riiete-hulgimuuk\/wp-json\/wp\/v2\/pages\/76","targetHints":{"allow":["GET"]}}],"collection":[{"href":"https:\/\/metsvintage.com\/kasutatud-riiete-hulgimuuk\/wp-json\/wp\/v2\/pages"}],"about":[{"href":"https:\/\/metsvintage.com\/kasutatud-riiete-hulgimuuk\/wp-json\/wp\/v2\/types\/page"}],"author":[{"embeddable":true,"href":"https:\/\/metsvintage.com\/kasutatud-riiete-hulgimuuk\/wp-json\/wp\/v2\/users\/1"}],"replies":[{"embeddable":true,"href":"https:\/\/metsvintage.com\/kasutatud-riiete-hulgimuuk\/wp-json\/wp\/v2\/comments?post=76"}],"version-history":[{"count":10,"href":"https:\/\/metsvintage.com\/kasutatud-riiete-hulgimuuk\/wp-json\/wp\/v2\/pages\/76\/revisions"}],"predecessor-version":[{"id":598,"href":"https:\/\/metsvintage.com\/kasutatud-riiete-hulgimuuk\/wp-json\/wp\/v2\/pages\/76\/revisions\/598"}],"wp:attachment":[{"href":"https:\/\/metsvintage.com\/kasutatud-riiete-hulgimuuk\/wp-json\/wp\/v2\/media?parent=76"}],"curies":[{"name":"wp","href":"https:\/\/api.w.org\/{rel}","templated":true}]}}