{"id":72,"date":"2024-01-12T13:45:31","date_gmt":"2024-01-12T11:45:31","guid":{"rendered":"https:\/\/metsvintage.com\/kasutatud-riiete-hulgimuuk\/?page_id=72"},"modified":"2024-02-02T14:26:47","modified_gmt":"2024-02-02T12:26:47","slug":"ettevottest","status":"publish","type":"page","link":"https:\/\/metsvintage.com\/kasutatud-riiete-hulgimuuk\/ettevottest\/","title":{"rendered":"Ettev\u00f5ttest"},"content":{"rendered":"\t\t<div data-elementor-type=\"wp-page\" data-elementor-id=\"72\" class=\"elementor elementor-72\">\n\t\t\t\t<div class=\"has_eae_slider elementor-element elementor-element-61633c9 e-flex e-con-boxed e-con e-parent\" data-eae-slider=\"65806\" data-id=\"61633c9\" data-element_type=\"container\" data-e-type=\"container\">\n\t\t\t\t\t<div class=\"e-con-inner\">\n\t\t<div class=\"has_eae_slider elementor-element elementor-element-e107465 e-con-full e-flex e-con e-child\" data-eae-slider=\"89195\" data-id=\"e107465\" data-element_type=\"container\" data-e-type=\"container\">\n\t\t\t\t<div class=\"elementor-element elementor-element-36b3312 elementor-widget elementor-widget-heading\" data-id=\"36b3312\" data-element_type=\"widget\" data-e-type=\"widget\" data-widget_type=\"heading.default\">\n\t\t\t\t<div class=\"elementor-widget-container\">\n\t\t\t\t\t<h3 class=\"elementor-heading-title elementor-size-default\">Meist l\u00e4hemalt<\/h3>\t\t\t\t<\/div>\n\t\t\t\t<\/div>\n\t\t\t\t<div class=\"elementor-element elementor-element-baf8aff elementor-widget elementor-widget-text-editor\" data-id=\"baf8aff\" data-element_type=\"widget\" data-e-type=\"widget\" data-widget_type=\"text-editor.default\">\n\t\t\t\t<div class=\"elementor-widget-container\">\n\t\t\t\t\t\t\t\t\t<p>Meie kasutatud riiete \u00e4ri sai alguse 2019 aastal. Alustasime vintage riiete e-poega metsvintage.com, millele lisandusid vintage riiete poed Tallinnas, Balti Jaama Turul ja Viljandis. T\u00e4naseks on meie vintage riiete vajadus kasvanud nii suureks, et ostame sorteerimata kasutatud kaupa hulgi.<\/p>\t\t\t\t\t\t\t\t<\/div>\n\t\t\t\t<\/div>\n\t\t\t\t<div class=\"elementor-element elementor-element-547bf48 elementor-widget elementor-widget-heading\" data-id=\"547bf48\" data-element_type=\"widget\" data-e-type=\"widget\" data-widget_type=\"heading.default\">\n\t\t\t\t<div class=\"elementor-widget-container\">\n\t\t\t\t\t<h3 class=\"elementor-heading-title elementor-size-default\">Meie kaup<\/h3>\t\t\t\t<\/div>\n\t\t\t\t<\/div>\n\t\t\t\t<div class=\"elementor-element elementor-element-3fcb60a elementor-widget elementor-widget-text-editor\" data-id=\"3fcb60a\" data-element_type=\"widget\" data-e-type=\"widget\" data-widget_type=\"text-editor.default\">\n\t\t\t\t<div class=\"elementor-widget-container\">\n\t\t\t\t\t\t\t\t\t<p>Meie kaup p\u00e4rineb peamiselt Skandinaaviast ja Itaaliast.Oma poodide tarbeks sorteerime v\u00e4lja retro ja vintage kauba. L\u00f5viosa kaubast moodustavad aga korralikud ja kaasaegsed meeste, naiste ja laste riided ning tekstiilid, mida saab edukalt m\u00fc\u00fca kasutatud riiete poodides. Kauba hulgas on nii otse inimestelt kogutud riided ja tekstiilid, kui taaskasutuspoodide kaubavahetuse j\u00e4\u00e4gid. L\u00f5viosa kaubast on tuntud r\u00f5ivatootjate br\u00e4ndid, nagu H&amp;M, Lindex, Zara, Vila, Ginatricot, Kappahl jms. Leidub ka kallimaid br\u00e4nde, nagu Nike, Adidas, Didriksons, Mexx, Levis, Tommy Hilfiger, Michael Kors, Guess, Jack&amp;Jones jne.<\/p>\t\t\t\t\t\t\t\t<\/div>\n\t\t\t\t<\/div>\n\t\t\t\t<div class=\"elementor-element elementor-element-2b3c5c5 elementor-widget elementor-widget-heading\" data-id=\"2b3c5c5\" data-element_type=\"widget\" data-e-type=\"widget\" data-widget_type=\"heading.default\">\n\t\t\t\t<div class=\"elementor-widget-container\">\n\t\t\t\t\t<h3 class=\"elementor-heading-title elementor-size-default\">Kauba kategooriad<\/h3>\t\t\t\t<\/div>\n\t\t\t\t<\/div>\n\t\t\t\t<div class=\"elementor-element elementor-element-e29fd69 elementor-widget elementor-widget-text-editor\" data-id=\"e29fd69\" data-element_type=\"widget\" data-e-type=\"widget\" data-widget_type=\"text-editor.default\">\n\t\t\t\t<div class=\"elementor-widget-container\">\n\t\t\t\t\t\t\t\t\t<p>Oleme jaganud kauba j\u00e4rgmistesse kategooriatesse: naiste riided, meeste riided, laste riided, sorteerimata riided ja kodutekstiilid. Kodutekstiilid jagunevad eraldi valmis tekstiilideks (kardinad, voodipesu, laudlinad jms) ja kangasteks (kangad ja kangaj\u00e4\u00e4gid).<\/p>\t\t\t\t\t\t\t\t<\/div>\n\t\t\t\t<\/div>\n\t\t\t\t<\/div>\n\t\t<div class=\"has_eae_slider elementor-element elementor-element-271adc5 e-con-full e-flex e-con e-child\" data-eae-slider=\"83354\" data-id=\"271adc5\" data-element_type=\"container\" data-e-type=\"container\" data-settings=\"{&quot;background_background&quot;:&quot;classic&quot;}\">\n\t\t\t\t<\/div>\n\t\t\t\t\t<\/div>\n\t\t\t\t<\/div>\n\t\t\t\t<\/div>\n\t\t","protected":false},"excerpt":{"rendered":"<p>Meist l\u00e4hemalt Meie kasutatud riiete \u00e4ri sai alguse 2019 aastal. Alustasime vintage riiete e-poega metsvintage.com, millele lisandusid vintage riiete poed [&hellip;]<\/p>\n","protected":false},"author":1,"featured_media":0,"parent":0,"menu_order":0,"comment_status":"closed","ping_status":"closed","template":"","meta":{"site-sidebar-layout":"no-sidebar","site-content-layout":"","ast-site-content-layout":"full-width-container","site-content-style":"default","site-sidebar-style":"default","ast-global-header-display":"","ast-banner-title-visibility":"","ast-main-header-display":"","ast-hfb-above-header-display":"","ast-hfb-below-header-display":"","ast-hfb-mobile-header-display":"","site-post-title":"disabled","ast-breadcrumbs-content":"","ast-featured-img":"disabled","footer-sml-layout":"","ast-disable-related-posts":"","theme-transparent-header-meta":"","adv-header-id-meta":"","stick-header-meta":"","header-above-stick-meta":"","header-main-stick-meta":"","header-below-stick-meta":"","astra-migrate-meta-layouts":"default","ast-page-background-enabled":"default","ast-page-background-meta":{"desktop":{"background-color":"var(--ast-global-color-4)","background-image":"","background-repeat":"repeat","background-position":"center center","background-size":"auto","background-attachment":"scroll","background-type":"","background-media":"","overlay-type":"","overlay-color":"","overlay-opacity":"","overlay-gradient":""},"tablet":{"background-color":"","background-image":"","background-repeat":"repeat","background-position":"center center","background-size":"auto","background-attachment":"scroll","background-type":"","background-media":"","overlay-type":"","overlay-color":"","overlay-opacity":"","overlay-gradient":""},"mobile":{"background-color":"","background-image":"","background-repeat":"repeat","background-position":"center center","background-size":"auto","background-attachment":"scroll","background-type":"","background-media":"","overlay-type":"","overlay-color":"","overlay-opacity":"","overlay-gradient":""}},"ast-content-background-meta":{"desktop":{"background-color":"var(--ast-global-color-5)","background-image":"","background-repeat":"repeat","background-position":"center center","background-size":"auto","background-attachment":"scroll","background-type":"","background-media":"","overlay-type":"","overlay-color":"","overlay-opacity":"","overlay-gradient":""},"tablet":{"background-color":"var(--ast-global-color-5)","background-image":"","background-repeat":"repeat","background-position":"center center","background-size":"auto","background-attachment":"scroll","background-type":"","background-media":"","overlay-type":"","overlay-color":"","overlay-opacity":"","overlay-gradient":""},"mobile":{"background-color":"var(--ast-global-color-5)","background-image":"","background-repeat":"repeat","background-position":"center center","background-size":"auto","background-attachment":"scroll","background-type":"","background-media":"","overlay-type":"","overlay-color":"","overlay-opacity":"","overlay-gradient":""}},"footnotes":""},"class_list":["post-72","page","type-page","status-publish","hentry"],"yoast_head":"<!-- This site is optimized with the Yoast SEO plugin v27.4 - https:\/\/yoast.com\/product\/yoast-seo-wordpress\/ -->\n<title>Ettev\u00f5ttest - Metsvintage<\/title>\n<meta name=\"robots\" content=\"index, follow, max-snippet:-1, max-image-preview:large, max-video-preview:-1\" \/>\n<link rel=\"canonical\" href=\"https:\/\/metsvintage.com\/kasutatud-riiete-hulgimuuk\/ettevottest\/\" \/>\n<meta property=\"og:locale\" content=\"et_EE\" \/>\n<meta property=\"og:type\" content=\"article\" \/>\n<meta property=\"og:title\" content=\"Ettev\u00f5ttest - Metsvintage\" \/>\n<meta property=\"og:description\" content=\"Meist l\u00e4hemalt Meie kasutatud riiete \u00e4ri sai alguse 2019 aastal. Alustasime vintage riiete e-poega metsvintage.com, millele lisandusid vintage riiete poed [&hellip;]\" \/>\n<meta property=\"og:url\" content=\"https:\/\/metsvintage.com\/kasutatud-riiete-hulgimuuk\/ettevottest\/\" \/>\n<meta property=\"og:site_name\" content=\"Metsvintage\" \/>\n<meta property=\"article:modified_time\" content=\"2024-02-02T12:26:47+00:00\" \/>\n<meta name=\"twitter:card\" content=\"summary_large_image\" \/>\n<meta name=\"twitter:label1\" content=\"Est. reading time\" \/>\n\t<meta name=\"twitter:data1\" content=\"1 minut\" \/>\n<script type=\"application\/ld+json\" class=\"yoast-schema-graph\">{\"@context\":\"https:\\\/\\\/schema.org\",\"@graph\":[{\"@type\":\"WebPage\",\"@id\":\"https:\\\/\\\/metsvintage.com\\\/kasutatud-riiete-hulgimuuk\\\/ettevottest\\\/\",\"url\":\"https:\\\/\\\/metsvintage.com\\\/kasutatud-riiete-hulgimuuk\\\/ettevottest\\\/\",\"name\":\"Ettev\u00f5ttest - Metsvintage\",\"isPartOf\":{\"@id\":\"https:\\\/\\\/metsvintage.com\\\/kasutatud-riiete-hulgimuuk\\\/#website\"},\"datePublished\":\"2024-01-12T11:45:31+00:00\",\"dateModified\":\"2024-02-02T12:26:47+00:00\",\"breadcrumb\":{\"@id\":\"https:\\\/\\\/metsvintage.com\\\/kasutatud-riiete-hulgimuuk\\\/ettevottest\\\/#breadcrumb\"},\"inLanguage\":\"et\",\"potentialAction\":[{\"@type\":\"ReadAction\",\"target\":[\"https:\\\/\\\/metsvintage.com\\\/kasutatud-riiete-hulgimuuk\\\/ettevottest\\\/\"]}]},{\"@type\":\"BreadcrumbList\",\"@id\":\"https:\\\/\\\/metsvintage.com\\\/kasutatud-riiete-hulgimuuk\\\/ettevottest\\\/#breadcrumb\",\"itemListElement\":[{\"@type\":\"ListItem\",\"position\":1,\"name\":\"Home\",\"item\":\"https:\\\/\\\/metsvintage.com\\\/kasutatud-riiete-hulgimuuk\\\/\"},{\"@type\":\"ListItem\",\"position\":2,\"name\":\"Ettev\u00f5ttest\"}]},{\"@type\":\"WebSite\",\"@id\":\"https:\\\/\\\/metsvintage.com\\\/kasutatud-riiete-hulgimuuk\\\/#website\",\"url\":\"https:\\\/\\\/metsvintage.com\\\/kasutatud-riiete-hulgimuuk\\\/\",\"name\":\"Kasutatud riiete hulgim\u00fc\u00fck\",\"description\":\"Kasutatud riiete hulgim\u00fc\u00fck\",\"publisher\":{\"@id\":\"https:\\\/\\\/metsvintage.com\\\/kasutatud-riiete-hulgimuuk\\\/#organization\"},\"potentialAction\":[{\"@type\":\"SearchAction\",\"target\":{\"@type\":\"EntryPoint\",\"urlTemplate\":\"https:\\\/\\\/metsvintage.com\\\/kasutatud-riiete-hulgimuuk\\\/?s={search_term_string}\"},\"query-input\":{\"@type\":\"PropertyValueSpecification\",\"valueRequired\":true,\"valueName\":\"search_term_string\"}}],\"inLanguage\":\"et\"},{\"@type\":\"Organization\",\"@id\":\"https:\\\/\\\/metsvintage.com\\\/kasutatud-riiete-hulgimuuk\\\/#organization\",\"name\":\"Kasutatud riiete hulgim\u00fc\u00fck\",\"url\":\"https:\\\/\\\/metsvintage.com\\\/kasutatud-riiete-hulgimuuk\\\/\",\"logo\":{\"@type\":\"ImageObject\",\"inLanguage\":\"et\",\"@id\":\"https:\\\/\\\/metsvintage.com\\\/kasutatud-riiete-hulgimuuk\\\/#\\\/schema\\\/logo\\\/image\\\/\",\"url\":\"https:\\\/\\\/i0.wp.com\\\/metsvintage.com\\\/kasutatud-riiete-hulgimuuk\\\/wp-content\\\/uploads\\\/sites\\\/3\\\/2024\\\/01\\\/cropped-cropped-icon-roheline-512px-1-1.png?fit=487%2C487&ssl=1\",\"contentUrl\":\"https:\\\/\\\/i0.wp.com\\\/metsvintage.com\\\/kasutatud-riiete-hulgimuuk\\\/wp-content\\\/uploads\\\/sites\\\/3\\\/2024\\\/01\\\/cropped-cropped-icon-roheline-512px-1-1.png?fit=487%2C487&ssl=1\",\"width\":487,\"height\":487,\"caption\":\"Kasutatud riiete hulgim\u00fc\u00fck\"},\"image\":{\"@id\":\"https:\\\/\\\/metsvintage.com\\\/kasutatud-riiete-hulgimuuk\\\/#\\\/schema\\\/logo\\\/image\\\/\"}}]}<\/script>\n<!-- \/ Yoast SEO plugin. -->","yoast_head_json":{"title":"Ettev\u00f5ttest - Metsvintage","robots":{"index":"index","follow":"follow","max-snippet":"max-snippet:-1","max-image-preview":"max-image-preview:large","max-video-preview":"max-video-preview:-1"},"canonical":"https:\/\/metsvintage.com\/kasutatud-riiete-hulgimuuk\/ettevottest\/","og_locale":"et_EE","og_type":"article","og_title":"Ettev\u00f5ttest - Metsvintage","og_description":"Meist l\u00e4hemalt Meie kasutatud riiete \u00e4ri sai alguse 2019 aastal. Alustasime vintage riiete e-poega metsvintage.com, millele lisandusid vintage riiete poed [&hellip;]","og_url":"https:\/\/metsvintage.com\/kasutatud-riiete-hulgimuuk\/ettevottest\/","og_site_name":"Metsvintage","article_modified_time":"2024-02-02T12:26:47+00:00","twitter_card":"summary_large_image","twitter_misc":{"Est. reading time":"1 minut"},"schema":{"@context":"https:\/\/schema.org","@graph":[{"@type":"WebPage","@id":"https:\/\/metsvintage.com\/kasutatud-riiete-hulgimuuk\/ettevottest\/","url":"https:\/\/metsvintage.com\/kasutatud-riiete-hulgimuuk\/ettevottest\/","name":"Ettev\u00f5ttest - Metsvintage","isPartOf":{"@id":"https:\/\/metsvintage.com\/kasutatud-riiete-hulgimuuk\/#website"},"datePublished":"2024-01-12T11:45:31+00:00","dateModified":"2024-02-02T12:26:47+00:00","breadcrumb":{"@id":"https:\/\/metsvintage.com\/kasutatud-riiete-hulgimuuk\/ettevottest\/#breadcrumb"},"inLanguage":"et","potentialAction":[{"@type":"ReadAction","target":["https:\/\/metsvintage.com\/kasutatud-riiete-hulgimuuk\/ettevottest\/"]}]},{"@type":"BreadcrumbList","@id":"https:\/\/metsvintage.com\/kasutatud-riiete-hulgimuuk\/ettevottest\/#breadcrumb","itemListElement":[{"@type":"ListItem","position":1,"name":"Home","item":"https:\/\/metsvintage.com\/kasutatud-riiete-hulgimuuk\/"},{"@type":"ListItem","position":2,"name":"Ettev\u00f5ttest"}]},{"@type":"WebSite","@id":"https:\/\/metsvintage.com\/kasutatud-riiete-hulgimuuk\/#website","url":"https:\/\/metsvintage.com\/kasutatud-riiete-hulgimuuk\/","name":"Kasutatud riiete hulgim\u00fc\u00fck","description":"Kasutatud riiete hulgim\u00fc\u00fck","publisher":{"@id":"https:\/\/metsvintage.com\/kasutatud-riiete-hulgimuuk\/#organization"},"potentialAction":[{"@type":"SearchAction","target":{"@type":"EntryPoint","urlTemplate":"https:\/\/metsvintage.com\/kasutatud-riiete-hulgimuuk\/?s={search_term_string}"},"query-input":{"@type":"PropertyValueSpecification","valueRequired":true,"valueName":"search_term_string"}}],"inLanguage":"et"},{"@type":"Organization","@id":"https:\/\/metsvintage.com\/kasutatud-riiete-hulgimuuk\/#organization","name":"Kasutatud riiete hulgim\u00fc\u00fck","url":"https:\/\/metsvintage.com\/kasutatud-riiete-hulgimuuk\/","logo":{"@type":"ImageObject","inLanguage":"et","@id":"https:\/\/metsvintage.com\/kasutatud-riiete-hulgimuuk\/#\/schema\/logo\/image\/","url":"https:\/\/i0.wp.com\/metsvintage.com\/kasutatud-riiete-hulgimuuk\/wp-content\/uploads\/sites\/3\/2024\/01\/cropped-cropped-icon-roheline-512px-1-1.png?fit=487%2C487&ssl=1","contentUrl":"https:\/\/i0.wp.com\/metsvintage.com\/kasutatud-riiete-hulgimuuk\/wp-content\/uploads\/sites\/3\/2024\/01\/cropped-cropped-icon-roheline-512px-1-1.png?fit=487%2C487&ssl=1","width":487,"height":487,"caption":"Kasutatud riiete hulgim\u00fc\u00fck"},"image":{"@id":"https:\/\/metsvintage.com\/kasutatud-riiete-hulgimuuk\/#\/schema\/logo\/image\/"}}]}},"jetpack_sharing_enabled":true,"_links":{"self":[{"href":"https:\/\/metsvintage.com\/kasutatud-riiete-hulgimuuk\/wp-json\/wp\/v2\/pages\/72","targetHints":{"allow":["GET"]}}],"collection":[{"href":"https:\/\/metsvintage.com\/kasutatud-riiete-hulgimuuk\/wp-json\/wp\/v2\/pages"}],"about":[{"href":"https:\/\/metsvintage.com\/kasutatud-riiete-hulgimuuk\/wp-json\/wp\/v2\/types\/page"}],"author":[{"embeddable":true,"href":"https:\/\/metsvintage.com\/kasutatud-riiete-hulgimuuk\/wp-json\/wp\/v2\/users\/1"}],"replies":[{"embeddable":true,"href":"https:\/\/metsvintage.com\/kasutatud-riiete-hulgimuuk\/wp-json\/wp\/v2\/comments?post=72"}],"version-history":[{"count":25,"href":"https:\/\/metsvintage.com\/kasutatud-riiete-hulgimuuk\/wp-json\/wp\/v2\/pages\/72\/revisions"}],"predecessor-version":[{"id":592,"href":"https:\/\/metsvintage.com\/kasutatud-riiete-hulgimuuk\/wp-json\/wp\/v2\/pages\/72\/revisions\/592"}],"wp:attachment":[{"href":"https:\/\/metsvintage.com\/kasutatud-riiete-hulgimuuk\/wp-json\/wp\/v2\/media?parent=72"}],"curies":[{"name":"wp","href":"https:\/\/api.w.org\/{rel}","templated":true}]}}